{"id":149606,"date":"2023-01-01T00:00:01","date_gmt":"2022-12-31T23:00:01","guid":{"rendered":"https:\/\/www.tendenzeshabbychic.it\/prodotto\/mantel-individual-navideno-con-estampado-de-lazos-y-adornos-y-decoracion-lateral-sinfonia-navidena\/"},"modified":"2026-01-26T22:26:47","modified_gmt":"2026-01-26T21:26:47","slug":"mantel-individual-navideno-con-estampado-de-lazos-y-adornos-y-decoracion-lateral-sinfonia-navidena","status":"publish","type":"product","link":"https:\/\/www.tendenzeshabbychic.it\/es\/producto\/mantel-individual-navideno-con-estampado-de-lazos-y-adornos-y-decoracion-lateral-sinfonia-navidena\/","title":{"rendered":"Mantel individual navide\u00f1o con estampado de lazos y adornos y decoraci\u00f3n lateral Sinfonia Natalizia"},"content":{"rendered":"<h3>Caracter\u00edsticas<\/h3>\n<ul>\n<li><strong>Material<\/strong> : Algod\u00f3n de alta calidad<\/li>\n<li><strong>Dise\u00f1o<\/strong> : Estampado de lazos y adornos navide\u00f1os con solapa lateral<\/li>\n<li><strong>Dimensiones<\/strong> : Ancho 42 cm, Alto 40 cm<\/li>\n<li><strong>Colecci\u00f3n<\/strong> : Sinfonia Natalizia<\/li>\n<li><strong>Mantenimiento<\/strong> : Lavable a m\u00e1quina a bajas temperaturas.<\/li>\n<\/ul>\n<h3>\u00bfPor qu\u00e9 comprar?<\/h3>\n<ul>\n<li><strong>Ambiente Festivo<\/strong> : Crea una mesa elegante y festiva perfecta para las cenas navide\u00f1as.<\/li>\n<li><strong>Alta calidad<\/strong> : fabricado con algod\u00f3n duradero para una larga vida \u00fatil y un f\u00e1cil mantenimiento.<\/li>\n<li><strong>Dise\u00f1o elegante<\/strong> : el estampado refinado y el volante lateral a\u00f1aden un toque de clase a tu mesa.<\/li>\n<li><strong>Vers\u00e1til<\/strong> : Ideal para comidas y cenas durante todo el periodo navide\u00f1o.<\/li>\n<li><strong>Regalo perfecto<\/strong> : una idea de regalo ideal para amigos y familiares a quienes les encanta decorar su hogar al estilo navide\u00f1o.<\/li>\n<\/ul>\n<p>  Imagine este mantel individual adornando su mesa durante una cena de Navidad, creando un ambiente c\u00e1lido y acogedor. Perfecto para a\u00f1adir un toque de elegancia a cualquier comida festiva, este mantel individual se convertir\u00e1 en un elemento indispensable de tu decoraci\u00f3n navide\u00f1a.   \n\t<section class=\"section linkified dark\" id=\"section_585933431\">\n\t\t<div class=\"section-bg fill\" >\n\t\t\t<img loading=\"lazy\" decoding=\"async\" width=\"800\" height=\"213\" src=\"https:\/\/www.tendenzeshabbychic.it\/wp-content\/uploads\/2021\/09\/natale-hero-1-800x213.jpg\" class=\"bg attachment-medium size-medium\" alt=\"\" \/>\t\t\t\t\t\t<div class=\"section-bg-overlay absolute fill\"><\/div>\n\t\t\t\n\n\t\t<\/div>\n\n\t\t\n\n\t\t<div class=\"section-content relative\">\n\t\t\t\n\n<div class=\"row\"  id=\"row-880629281\">\n\n\n\t<div id=\"col-426671401\" class=\"col small-12 large-12\"  >\n\t\t\t\t<div class=\"col-inner text-center\"  >\n\t\t\t\n\t\t\t\n\n<h3><span style=\"font-size: 180%;\">Navidad<\/span><\/h3>\n<p>Descubre la amplia selecci\u00f3n de productos para decorar tu hogar en Navidad.<\/p>\n<a href=\"https:\/\/www.tendenzeshabbychic.it\/es\/categoria-producto\/navidad\/\" class=\"button alert is-shade box-shadow-3 box-shadow-5-hover\" style=\"border-radius:5px;\">\n\t\t<span>haga clic aqu\u00ed<\/span>\n\t<\/a>\n\n\n\n\t\t<\/div>\n\t\t\t\t\t<\/div>\n\n\t\n\n<\/div>\n\n\t\t<\/div>\n\n\t\t\n<style>\n#section_585933431 {\n  padding-top: 12px;\n  padding-bottom: 12px;\n}\n#section_585933431 .section-bg-overlay {\n  background-color: rgba(0, 0, 0, 0.419);\n}\n#section_585933431 .section-bg img {\n  object-position: 21% 51%;\n}\n@media (min-width:550px) {\n  #section_585933431 {\n    padding-top: 57px;\n    padding-bottom: 57px;\n  }\n}\n<\/style>\n\t<\/section>\n\t\n","protected":false},"excerpt":{"rendered":"<p>Mantel individual navide\u00f1o de algod\u00f3n con estampado de mu\u00e9rdago, adornos y lazos con volante lateral. Forma parte de la colecci\u00f3n Sinfonia Natalizia .   <\/p>\n<ul>\n<li>Ancho 40 cm<\/li>\n<li>Alto 33cm<\/li>\n<\/ul>\n<p>  Estampado navide\u00f1o dise\u00f1ado por Blanc Mariclo . Lleva el encanto de la Navidad a tu mesa con el mantel individual navide\u00f1o de la colecci\u00f3n \u00bb Sinfonia Natalizia \u00ab. Este elegante mantel individual est\u00e1 decorado con un refinado estampado de lazos y adornos navide\u00f1os, enriquecido por un friso lateral que a\u00f1ade un toque de estilo a tus fiestas.   <iframe loading=\"lazy\" title=\"YouTube video player\" src=\"https:\/\/www.youtube.com\/embed\/JDOcqvPlpLo\" width=\"540\" height=\"960\" frameborder=\"0\" allowfullscreen=\"allowfullscreen\"><\/iframe><\/p>\n","protected":false},"featured_media":140316,"comment_status":"open","ping_status":"closed","template":"","meta":{"_joinchat":[]},"pwb-brand":[2076],"product_brand":[],"product_cat":[2339,2371],"product_tag":[2866,2845],"class_list":{"0":"post-149606","1":"product","2":"type-product","3":"status-publish","4":"has-post-thumbnail","6":"pwb-brand-blanc-mariclo-es","7":"product_cat-manteles-individuales","8":"product_cat-navidad","9":"product_tag-coleccion-sinfonia-natalizia-es","10":"product_tag-comedor","11":"pa_colore-blanco","13":"first","14":"outofstock","15":"sale","16":"taxable","17":"shipping-taxable","18":"purchasable","19":"product-type-simple"},"brands":[{"id":2076,"name":"Blanc Mariclo","slug":"blanc-mariclo-es"}],"_links":{"self":[{"href":"https:\/\/www.tendenzeshabbychic.it\/es\/wp-json\/wp\/v2\/product\/149606","targetHints":{"allow":["GET"]}}],"collection":[{"href":"https:\/\/www.tendenzeshabbychic.it\/es\/wp-json\/wp\/v2\/product"}],"about":[{"href":"https:\/\/www.tendenzeshabbychic.it\/es\/wp-json\/wp\/v2\/types\/product"}],"replies":[{"embeddable":true,"href":"https:\/\/www.tendenzeshabbychic.it\/es\/wp-json\/wp\/v2\/comments?post=149606"}],"wp:featuredmedia":[{"embeddable":true,"href":"https:\/\/www.tendenzeshabbychic.it\/es\/wp-json\/wp\/v2\/media\/140316"}],"wp:attachment":[{"href":"https:\/\/www.tendenzeshabbychic.it\/es\/wp-json\/wp\/v2\/media?parent=149606"}],"wp:term":[{"taxonomy":"pwb-brand","embeddable":true,"href":"https:\/\/www.tendenzeshabbychic.it\/es\/wp-json\/wp\/v2\/pwb-brand?post=149606"},{"taxonomy":"product_brand","embeddable":true,"href":"https:\/\/www.tendenzeshabbychic.it\/es\/wp-json\/wp\/v2\/product_brand?post=149606"},{"taxonomy":"product_cat","embeddable":true,"href":"https:\/\/www.tendenzeshabbychic.it\/es\/wp-json\/wp\/v2\/product_cat?post=149606"},{"taxonomy":"product_tag","embeddable":true,"href":"https:\/\/www.tendenzeshabbychic.it\/es\/wp-json\/wp\/v2\/product_tag?post=149606"}],"curies":[{"name":"wp","href":"https:\/\/api.w.org\/{rel}","templated":true}]}}