{"id":138071,"date":"2024-04-24T23:32:46","date_gmt":"2024-04-24T21:32:46","guid":{"rendered":"https:\/\/www.tendenzeshabbychic.it\/prodotto\/edg-luxury-lavaender-thyme-spray-ambiental-280ml\/"},"modified":"2024-04-29T17:29:58","modified_gmt":"2024-04-29T15:29:58","slug":"edg-luxury-lavaender-thyme-spray-ambiental-280ml","status":"publish","type":"product","link":"https:\/\/www.tendenzeshabbychic.it\/es\/producto\/edg-luxury-lavaender-thyme-spray-ambiental-280ml\/","title":{"rendered":"EDG Luxury Lavaender Thyme spray ambiental 280ML"},"content":{"rendered":"","protected":false},"excerpt":{"rendered":"<p>Ambientador en spray con 280 ml de perfume.<\/p>\n<p><div class=\"row\"  id=\"row-1693496330\"><\/p>\n<p>\n\t<div id=\"col-417297674\" class=\"col medium-12 small-12 large-6\"  >\n\t\t\t\t<div class=\"col-inner\"  >\n\t\t\t\n\t\t\t<\/p>\n<h2>Lavender Thyme<\/h2>\n<p>Un'armoniosa sinfonia di profumi che cattura l'essenza rilassante di un giardino in fiore al tramonto.<\/p>\n<p>L'aroma fresco e floreale della lavanda si sposa con la dolcezza eterea del mughetto, creando una sensazione di pace e tranquillit\u00e0.<\/p>\n<p>Una fragranza che ricorda un viaggio sensoriale tra i campi di lavanda e i giardini profumati.<\/p>\n<p><strong>BOUQUET<\/strong><br \/>FLOREALE<\/p>\n<p><span style=\"font-size: 75%;\">Un\u00a0 profumo originale realizzato da <strong><a href=\"\/?pwb-brand=edg\">EDG Enzo de Gasperi<\/a>.<\/strong><\/span><\/p>\n<p>\t\t<\/div>\n\t\t\t\t\t<\/div>\n\n\t<br \/>\n\n\t<div id=\"col-1823823940\" class=\"col medium-12 small-12 large-6\"  >\n\t\t\t\t<div class=\"col-inner\"  >\n\t\t\t\n\t\t\t<\/p>\n<p>\t<div class=\"img has-hover x md-x lg-x y md-y lg-y\" id=\"image_716249763\">\n\t\t\t\t\t\t\t\t<div class=\"img-inner dark\" >\n\t\t\t<img width=\"918\" height=\"778\" src=\"https:\/\/www.tendenzeshabbychic.it\/wp-content\/uploads\/2024\/04\/Lavender-Thyme.jpg\" class=\"attachment-large size-large\" alt=\"\" decoding=\"async\" loading=\"lazy\" srcset=\"https:\/\/www.tendenzeshabbychic.it\/wp-content\/uploads\/2024\/04\/Lavender-Thyme.jpg 918w, https:\/\/www.tendenzeshabbychic.it\/wp-content\/uploads\/2024\/04\/Lavender-Thyme-64x54.jpg 64w, https:\/\/www.tendenzeshabbychic.it\/wp-content\/uploads\/2024\/04\/Lavender-Thyme-472x400.jpg 472w, https:\/\/www.tendenzeshabbychic.it\/wp-content\/uploads\/2024\/04\/Lavender-Thyme-768x651.jpg 768w\" sizes=\"auto, (max-width: 918px) 100vw, 918px\" \/>\t\t\t\t\t\t\n\t\t\t\t\t<\/div>\n\t\t\t\t\t\t\t\t\n<style>\n#image_716249763 {\n  width: 100%;\n}\n<\/style>\n\t<\/div>\n\t<\/p>\n<p>\t\t<\/div>\n\t\t\t\t\t<\/div>\n\n\t<\/p>\n<p><\/div><\/p>\n\n<ul>\n<li>Altura de la botella 18 cm.<\/li>\n<li>Di\u00e1metro 7 cm<\/li>\n<\/ul>\n<p>El bonito y extremadamente elegante frasco de cer\u00e1mica opaca no s\u00f3lo perfuma sus habitaciones, sino que tambi\u00e9n act\u00faa como elemento decorativo.<\/p>\n<p>Un producto con un dise\u00f1o \u00fanico creado por EDG Enzo de Gasperi , forma parte de la nueva colecci\u00f3n Luxury .<\/p>\n<p>Una excelente idea para un regalo, llegar\u00e1 en su elegante caja.<\/p>\n","protected":false},"featured_media":137859,"comment_status":"open","ping_status":"closed","template":"","meta":{"_joinchat":[]},"pwb-brand":[2084],"product_brand":[],"product_cat":[2365],"product_tag":[2283,2839,3286],"class_list":{"0":"post-138071","1":"product","2":"type-product","3":"status-publish","4":"has-post-thumbnail","6":"pwb-brand-edg-enzo-de-gasperi","7":"product_cat-spray-es","8":"product_tag-idea-de-regalo","9":"product_tag-lavender-thyme-edg-es","10":"product_tag-ventas","12":"first","13":"instock","14":"sale","15":"taxable","16":"shipping-taxable","17":"purchasable","18":"product-type-simple"},"brands":[{"id":2084,"name":"EDG - Enzo De Gasperi","slug":"edg-enzo-de-gasperi"}],"_links":{"self":[{"href":"https:\/\/www.tendenzeshabbychic.it\/es\/wp-json\/wp\/v2\/product\/138071","targetHints":{"allow":["GET"]}}],"collection":[{"href":"https:\/\/www.tendenzeshabbychic.it\/es\/wp-json\/wp\/v2\/product"}],"about":[{"href":"https:\/\/www.tendenzeshabbychic.it\/es\/wp-json\/wp\/v2\/types\/product"}],"replies":[{"embeddable":true,"href":"https:\/\/www.tendenzeshabbychic.it\/es\/wp-json\/wp\/v2\/comments?post=138071"}],"wp:featuredmedia":[{"embeddable":true,"href":"https:\/\/www.tendenzeshabbychic.it\/es\/wp-json\/wp\/v2\/media\/137859"}],"wp:attachment":[{"href":"https:\/\/www.tendenzeshabbychic.it\/es\/wp-json\/wp\/v2\/media?parent=138071"}],"wp:term":[{"taxonomy":"pwb-brand","embeddable":true,"href":"https:\/\/www.tendenzeshabbychic.it\/es\/wp-json\/wp\/v2\/pwb-brand?post=138071"},{"taxonomy":"product_brand","embeddable":true,"href":"https:\/\/www.tendenzeshabbychic.it\/es\/wp-json\/wp\/v2\/product_brand?post=138071"},{"taxonomy":"product_cat","embeddable":true,"href":"https:\/\/www.tendenzeshabbychic.it\/es\/wp-json\/wp\/v2\/product_cat?post=138071"},{"taxonomy":"product_tag","embeddable":true,"href":"https:\/\/www.tendenzeshabbychic.it\/es\/wp-json\/wp\/v2\/product_tag?post=138071"}],"curies":[{"name":"wp","href":"https:\/\/api.w.org\/{rel}","templated":true}]}}