{"id":135431,"date":"2024-03-22T08:16:16","date_gmt":"2024-03-22T07:16:16","guid":{"rendered":"https:\/\/www.tendenzeshabbychic.it\/prodotto\/edg-base-de-cristal-para-velas-de-pie-diametro-7-cm\/"},"modified":"2024-03-20T13:04:02","modified_gmt":"2024-03-20T12:04:02","slug":"edg-base-de-cristal-para-velas-de-pie-diametro-7-cm","status":"publish","type":"product","link":"https:\/\/www.tendenzeshabbychic.it\/es\/producto\/edg-base-de-cristal-para-velas-de-pie-diametro-7-cm\/","title":{"rendered":"EDG Base de cristal para velas de pie Di\u00e1metro 7 cm"},"content":{"rendered":"","protected":false},"excerpt":{"rendered":"<p>Base de cristal para velas de palo. Bello como es, pero en su m\u00e1xima expresi\u00f3n en una composici\u00f3n.<\/p>\n<ul>\n<li>Di\u00e1metro 7 cm<\/li>\n<li>Alto 5cm<\/li>\n<\/ul>\n<p>Crea arreglos impresionantes con esta base de vidrio transparente para velas est\u00e1ndar.<\/p>\n","protected":false},"featured_media":135089,"comment_status":"open","ping_status":"closed","template":"","meta":{"_joinchat":[]},"pwb-brand":[2084],"product_brand":[],"product_cat":[2951],"product_tag":[],"class_list":{"0":"post-135431","1":"product","2":"type-product","3":"status-publish","4":"has-post-thumbnail","6":"pwb-brand-edg-enzo-de-gasperi","7":"product_cat-candelabro","9":"first","10":"instock","11":"taxable","12":"shipping-taxable","13":"purchasable","14":"product-type-simple"},"brands":[{"id":2084,"name":"EDG - Enzo De Gasperi","slug":"edg-enzo-de-gasperi"}],"_links":{"self":[{"href":"https:\/\/www.tendenzeshabbychic.it\/es\/wp-json\/wp\/v2\/product\/135431","targetHints":{"allow":["GET"]}}],"collection":[{"href":"https:\/\/www.tendenzeshabbychic.it\/es\/wp-json\/wp\/v2\/product"}],"about":[{"href":"https:\/\/www.tendenzeshabbychic.it\/es\/wp-json\/wp\/v2\/types\/product"}],"replies":[{"embeddable":true,"href":"https:\/\/www.tendenzeshabbychic.it\/es\/wp-json\/wp\/v2\/comments?post=135431"}],"wp:featuredmedia":[{"embeddable":true,"href":"https:\/\/www.tendenzeshabbychic.it\/es\/wp-json\/wp\/v2\/media\/135089"}],"wp:attachment":[{"href":"https:\/\/www.tendenzeshabbychic.it\/es\/wp-json\/wp\/v2\/media?parent=135431"}],"wp:term":[{"taxonomy":"pwb-brand","embeddable":true,"href":"https:\/\/www.tendenzeshabbychic.it\/es\/wp-json\/wp\/v2\/pwb-brand?post=135431"},{"taxonomy":"product_brand","embeddable":true,"href":"https:\/\/www.tendenzeshabbychic.it\/es\/wp-json\/wp\/v2\/product_brand?post=135431"},{"taxonomy":"product_cat","embeddable":true,"href":"https:\/\/www.tendenzeshabbychic.it\/es\/wp-json\/wp\/v2\/product_cat?post=135431"},{"taxonomy":"product_tag","embeddable":true,"href":"https:\/\/www.tendenzeshabbychic.it\/es\/wp-json\/wp\/v2\/product_tag?post=135431"}],"curies":[{"name":"wp","href":"https:\/\/api.w.org\/{rel}","templated":true}]}}