{"id":132252,"date":"2024-02-14T11:02:51","date_gmt":"2024-02-14T10:02:51","guid":{"rendered":"https:\/\/www.tendenzeshabbychic.it\/prodotto\/edg-vela-petunia-artificial-blanca-%e2%88%85-16-cm\/"},"modified":"2024-06-23T14:57:31","modified_gmt":"2024-06-23T12:57:31","slug":"edg-vela-petunia-artificial-blanca-%e2%88%85-16-cm","status":"publish","type":"product","link":"https:\/\/www.tendenzeshabbychic.it\/es\/producto\/edg-vela-petunia-artificial-blanca-%e2%88%85-16-cm\/","title":{"rendered":"EDG Vela petunia artificial blanca \u2205 16 cm"},"content":{"rendered":"","protected":false},"excerpt":{"rendered":"<p><strong>Portavelas Petunia de color blanco<\/strong> , fabricado en <strong>pl\u00e1stico suave y tela<\/strong> , muy detallado, tanto que parece real.<\/p>\n<p>Los productos <strong>EDG<\/strong> est\u00e1n dise\u00f1ados para decorar con <strong>estilo y elegancia<\/strong> cada estancia de la casa, desde la cocina al sal\u00f3n, desde el dormitorio al ba\u00f1o.<\/p>\n<ul>\n<li><strong>Dimensiones<\/strong> : di\u00e1metro 16 cm<\/li>\n<li><strong>Color:<\/strong> blanco<\/li>\n<li>Ideal para una vela con un di\u00e1metro m\u00e1ximo de 3 cm.<\/li>\n<\/ul>\n<p>Util\u00edzalo para enriquecer una composici\u00f3n d\u00e1ndole un toque de naturaleza. \ud83c\udf3f\ud83c\udfe1<\/p>\n<p><iframe loading=\"lazy\" title=\"YouTube video player\" src=\"https:\/\/www.youtube.com\/embed\/vHGQ5TnDm40\" width=\"540\" height=\"960\" frameborder=\"0\" allowfullscreen=\"allowfullscreen\"><\/iframe><\/p>\n","protected":false},"featured_media":132054,"comment_status":"open","ping_status":"closed","template":"","meta":{"_joinchat":[]},"pwb-brand":[2084],"product_brand":[],"product_cat":[2784,2321],"product_tag":[3286],"class_list":{"0":"post-132252","1":"product","2":"type-product","3":"status-publish","4":"has-post-thumbnail","6":"pwb-brand-edg-enzo-de-gasperi","7":"product_cat-coronas-para-velas","8":"product_cat-velas","9":"product_tag-ventas","11":"first","12":"instock","13":"sale","14":"taxable","15":"shipping-taxable","16":"purchasable","17":"product-type-simple"},"brands":[{"id":2084,"name":"EDG - Enzo De Gasperi","slug":"edg-enzo-de-gasperi"}],"_links":{"self":[{"href":"https:\/\/www.tendenzeshabbychic.it\/es\/wp-json\/wp\/v2\/product\/132252","targetHints":{"allow":["GET"]}}],"collection":[{"href":"https:\/\/www.tendenzeshabbychic.it\/es\/wp-json\/wp\/v2\/product"}],"about":[{"href":"https:\/\/www.tendenzeshabbychic.it\/es\/wp-json\/wp\/v2\/types\/product"}],"replies":[{"embeddable":true,"href":"https:\/\/www.tendenzeshabbychic.it\/es\/wp-json\/wp\/v2\/comments?post=132252"}],"wp:featuredmedia":[{"embeddable":true,"href":"https:\/\/www.tendenzeshabbychic.it\/es\/wp-json\/wp\/v2\/media\/132054"}],"wp:attachment":[{"href":"https:\/\/www.tendenzeshabbychic.it\/es\/wp-json\/wp\/v2\/media?parent=132252"}],"wp:term":[{"taxonomy":"pwb-brand","embeddable":true,"href":"https:\/\/www.tendenzeshabbychic.it\/es\/wp-json\/wp\/v2\/pwb-brand?post=132252"},{"taxonomy":"product_brand","embeddable":true,"href":"https:\/\/www.tendenzeshabbychic.it\/es\/wp-json\/wp\/v2\/product_brand?post=132252"},{"taxonomy":"product_cat","embeddable":true,"href":"https:\/\/www.tendenzeshabbychic.it\/es\/wp-json\/wp\/v2\/product_cat?post=132252"},{"taxonomy":"product_tag","embeddable":true,"href":"https:\/\/www.tendenzeshabbychic.it\/es\/wp-json\/wp\/v2\/product_tag?post=132252"}],"curies":[{"name":"wp","href":"https:\/\/api.w.org\/{rel}","templated":true}]}}