{"id":132230,"date":"2024-02-14T10:41:21","date_gmt":"2024-02-14T09:41:21","guid":{"rendered":"https:\/\/www.tendenzeshabbychic.it\/prodotto\/edg-chic-planta-de-aloe-en-maceta-h-45-cm\/"},"modified":"2024-03-19T19:35:32","modified_gmt":"2024-03-19T18:35:32","slug":"edg-chic-planta-de-aloe-en-maceta-h-45-cm","status":"publish","type":"product","link":"https:\/\/www.tendenzeshabbychic.it\/es\/producto\/edg-chic-planta-de-aloe-en-maceta-h-45-cm\/","title":{"rendered":"EDG Chic Planta de aloe en maceta h 45 cm"},"content":{"rendered":"<ul>\n<li>caucho sint\u00e9tico<\/li>\n<\/ul>\n","protected":false},"excerpt":{"rendered":"<p>Planta Chic de Aloe <strong>de 45 cm de altura<\/strong> completa con maceta de PVC.<\/p>\n<p>La calidad de <span style=\"font-size: 14.4px;\">los productos <strong>EDG<\/strong> garantiza un efecto realista, no podr\u00e1s notar la diferencia con uno real.<\/span> <\/p>\n<p><span style=\"font-size: 14.4px;\">Util\u00edzalos para una composici\u00f3n o para enriquecer un rinc\u00f3n de tu hogar.<\/span><\/p>\n<p>Dimensiones del florero:<\/p>\n<ul>\n<li>Di\u00e1metro 15cm<\/li>\n<li>Altura 13cm<\/li>\n<\/ul>\n<p>&nbsp;<\/p>\n","protected":false},"featured_media":131936,"comment_status":"open","ping_status":"closed","template":"","meta":{"_joinchat":[]},"pwb-brand":[776],"product_brand":[],"product_cat":[2777],"product_tag":[3284],"class_list":{"0":"post-132230","1":"product","2":"type-product","3":"status-publish","4":"has-post-thumbnail","6":"pwb-brand-edg","7":"product_cat-plantas-artificiales","8":"product_tag-saldi","9":"pa_colore-verde","11":"first","12":"instock","13":"sale","14":"taxable","15":"shipping-taxable","16":"purchasable","17":"product-type-simple"},"brands":[{"id":2084,"name":"EDG - Enzo De Gasperi","slug":"edg-enzo-de-gasperi"}],"_links":{"self":[{"href":"https:\/\/www.tendenzeshabbychic.it\/es\/wp-json\/wp\/v2\/product\/132230","targetHints":{"allow":["GET"]}}],"collection":[{"href":"https:\/\/www.tendenzeshabbychic.it\/es\/wp-json\/wp\/v2\/product"}],"about":[{"href":"https:\/\/www.tendenzeshabbychic.it\/es\/wp-json\/wp\/v2\/types\/product"}],"replies":[{"embeddable":true,"href":"https:\/\/www.tendenzeshabbychic.it\/es\/wp-json\/wp\/v2\/comments?post=132230"}],"wp:featuredmedia":[{"embeddable":true,"href":"https:\/\/www.tendenzeshabbychic.it\/es\/wp-json\/wp\/v2\/media\/131936"}],"wp:attachment":[{"href":"https:\/\/www.tendenzeshabbychic.it\/es\/wp-json\/wp\/v2\/media?parent=132230"}],"wp:term":[{"taxonomy":"pwb-brand","embeddable":true,"href":"https:\/\/www.tendenzeshabbychic.it\/es\/wp-json\/wp\/v2\/pwb-brand?post=132230"},{"taxonomy":"product_brand","embeddable":true,"href":"https:\/\/www.tendenzeshabbychic.it\/es\/wp-json\/wp\/v2\/product_brand?post=132230"},{"taxonomy":"product_cat","embeddable":true,"href":"https:\/\/www.tendenzeshabbychic.it\/es\/wp-json\/wp\/v2\/product_cat?post=132230"},{"taxonomy":"product_tag","embeddable":true,"href":"https:\/\/www.tendenzeshabbychic.it\/es\/wp-json\/wp\/v2\/product_tag?post=132230"}],"curies":[{"name":"wp","href":"https:\/\/api.w.org\/{rel}","templated":true}]}}