{"id":132190,"date":"2024-02-14T10:18:19","date_gmt":"2024-02-14T09:18:19","guid":{"rendered":"https:\/\/www.tendenzeshabbychic.it\/prodotto\/edg-rama-doble-de-orquidea-rosa-real-touch-h-62-cm\/"},"modified":"2025-10-01T14:03:23","modified_gmt":"2025-10-01T12:03:23","slug":"edg-rama-doble-de-orquidea-rosa-real-touch-h-62-cm","status":"publish","type":"product","link":"https:\/\/www.tendenzeshabbychic.it\/es\/producto\/edg-rama-doble-de-orquidea-rosa-real-touch-h-62-cm\/","title":{"rendered":"EDG Rama doble de orqu\u00eddea rosa real touch H 62 cm"},"content":{"rendered":"","protected":false},"excerpt":{"rendered":"<p>Rama doble de <strong>Orqu\u00eddea Artificial EDG rosa de<\/strong> <strong>62 cent\u00edmetros<\/strong> de altura. Perfecto para a\u00f1adir un toque de estilo y frescura a tus ambientes dom\u00e9sticos y no dom\u00e9sticos.<\/p>\n<p>La orqu\u00eddea es emblema del <strong>refinamiento y la belleza<\/strong> , gracias a sus colores brillantes y elegantes.<\/p>\n<p>Realizada por <strong>EDG<\/strong> , empresa l\u00edder en el sector de las flores artificiales, la orqu\u00eddea es sorprendentemente real.<\/p>\n","protected":false},"featured_media":131817,"comment_status":"open","ping_status":"closed","template":"","meta":{"_joinchat":[]},"pwb-brand":[2084],"product_brand":[],"product_cat":[2774,2773],"product_tag":[3286],"class_list":{"0":"post-132190","1":"product","2":"type-product","3":"status-publish","4":"has-post-thumbnail","6":"pwb-brand-edg-enzo-de-gasperi","7":"product_cat-orquideas","8":"product_cat-flores-en-maceta","9":"product_tag-ventas","10":"pa_colore-rosa-es","12":"first","13":"instock","14":"sale","15":"taxable","16":"shipping-taxable","17":"purchasable","18":"product-type-simple"},"brands":[{"id":2084,"name":"EDG - Enzo De Gasperi","slug":"edg-enzo-de-gasperi"}],"_links":{"self":[{"href":"https:\/\/www.tendenzeshabbychic.it\/es\/wp-json\/wp\/v2\/product\/132190","targetHints":{"allow":["GET"]}}],"collection":[{"href":"https:\/\/www.tendenzeshabbychic.it\/es\/wp-json\/wp\/v2\/product"}],"about":[{"href":"https:\/\/www.tendenzeshabbychic.it\/es\/wp-json\/wp\/v2\/types\/product"}],"replies":[{"embeddable":true,"href":"https:\/\/www.tendenzeshabbychic.it\/es\/wp-json\/wp\/v2\/comments?post=132190"}],"wp:featuredmedia":[{"embeddable":true,"href":"https:\/\/www.tendenzeshabbychic.it\/es\/wp-json\/wp\/v2\/media\/131817"}],"wp:attachment":[{"href":"https:\/\/www.tendenzeshabbychic.it\/es\/wp-json\/wp\/v2\/media?parent=132190"}],"wp:term":[{"taxonomy":"pwb-brand","embeddable":true,"href":"https:\/\/www.tendenzeshabbychic.it\/es\/wp-json\/wp\/v2\/pwb-brand?post=132190"},{"taxonomy":"product_brand","embeddable":true,"href":"https:\/\/www.tendenzeshabbychic.it\/es\/wp-json\/wp\/v2\/product_brand?post=132190"},{"taxonomy":"product_cat","embeddable":true,"href":"https:\/\/www.tendenzeshabbychic.it\/es\/wp-json\/wp\/v2\/product_cat?post=132190"},{"taxonomy":"product_tag","embeddable":true,"href":"https:\/\/www.tendenzeshabbychic.it\/es\/wp-json\/wp\/v2\/product_tag?post=132190"}],"curies":[{"name":"wp","href":"https:\/\/api.w.org\/{rel}","templated":true}]}}