{"id":132154,"date":"2024-02-14T10:03:40","date_gmt":"2024-02-14T09:03:40","guid":{"rendered":"https:\/\/www.tendenzeshabbychic.it\/prodotto\/edg-jarron-de-ceramica-blanca-con-asas-2-modelos\/"},"modified":"2024-02-14T10:03:40","modified_gmt":"2024-02-14T09:03:40","slug":"edg-jarron-de-ceramica-blanca-con-asas-2-modelos","status":"publish","type":"product","link":"https:\/\/www.tendenzeshabbychic.it\/es\/producto\/edg-jarron-de-ceramica-blanca-con-asas-2-modelos\/","title":{"rendered":"EDG Jarr\u00f3n de cer\u00e1mica blanca con asas &#8211; 2 modelos"},"content":{"rendered":"","protected":false},"excerpt":{"rendered":"<p>Jarr\u00f3n de centro de mesa en forma de copa de cer\u00e1mica blanca mate con asas sobre pedestal. Un producto firmado EDG . Disponible en dos tama\u00f1os<\/p>\n<p>El modelo 1 mide:<\/p>\n<ul>\n<li>Di\u00e1metro 18 cm<\/li>\n<li>Alto 25cm<\/li>\n<\/ul>\n<p>El modelo 2 mide:<\/p>\n<ul>\n<li>Di\u00e1metro 16cm<\/li>\n<li>Alto 34cm<\/li>\n<\/ul>\n","protected":false},"featured_media":131668,"comment_status":"open","ping_status":"closed","template":"","meta":{"_joinchat":[]},"pwb-brand":[2084],"product_brand":[],"product_cat":[2357],"product_tag":[],"class_list":{"0":"post-132154","1":"product","2":"type-product","3":"status-publish","4":"has-post-thumbnail","6":"pwb-brand-edg-enzo-de-gasperi","7":"product_cat-jarrones","8":"pa_colore-blanco","10":"first","11":"outofstock","12":"sale","13":"taxable","14":"shipping-taxable","15":"purchasable","16":"product-type-variable"},"brands":[{"id":2084,"name":"EDG - Enzo De Gasperi","slug":"edg-enzo-de-gasperi"}],"_links":{"self":[{"href":"https:\/\/www.tendenzeshabbychic.it\/es\/wp-json\/wp\/v2\/product\/132154","targetHints":{"allow":["GET"]}}],"collection":[{"href":"https:\/\/www.tendenzeshabbychic.it\/es\/wp-json\/wp\/v2\/product"}],"about":[{"href":"https:\/\/www.tendenzeshabbychic.it\/es\/wp-json\/wp\/v2\/types\/product"}],"replies":[{"embeddable":true,"href":"https:\/\/www.tendenzeshabbychic.it\/es\/wp-json\/wp\/v2\/comments?post=132154"}],"wp:featuredmedia":[{"embeddable":true,"href":"https:\/\/www.tendenzeshabbychic.it\/es\/wp-json\/wp\/v2\/media\/131668"}],"wp:attachment":[{"href":"https:\/\/www.tendenzeshabbychic.it\/es\/wp-json\/wp\/v2\/media?parent=132154"}],"wp:term":[{"taxonomy":"pwb-brand","embeddable":true,"href":"https:\/\/www.tendenzeshabbychic.it\/es\/wp-json\/wp\/v2\/pwb-brand?post=132154"},{"taxonomy":"product_brand","embeddable":true,"href":"https:\/\/www.tendenzeshabbychic.it\/es\/wp-json\/wp\/v2\/product_brand?post=132154"},{"taxonomy":"product_cat","embeddable":true,"href":"https:\/\/www.tendenzeshabbychic.it\/es\/wp-json\/wp\/v2\/product_cat?post=132154"},{"taxonomy":"product_tag","embeddable":true,"href":"https:\/\/www.tendenzeshabbychic.it\/es\/wp-json\/wp\/v2\/product_tag?post=132154"}],"curies":[{"name":"wp","href":"https:\/\/api.w.org\/{rel}","templated":true}]}}