{"id":128403,"date":"2026-02-11T08:00:44","date_gmt":"2026-02-11T07:00:44","guid":{"rendered":"https:\/\/www.tendenzeshabbychic.it\/prodotto\/perfume-para-telas-mathilde-m-divine-marquise-75-ml-copia\/"},"modified":"2025-08-01T11:15:18","modified_gmt":"2025-08-01T10:15:18","slug":"perfume-para-telas-mathilde-m-divine-marquise-75-ml-copia","status":"publish","type":"product","link":"https:\/\/www.tendenzeshabbychic.it\/es\/producto\/perfume-para-telas-mathilde-m-divine-marquise-75-ml-copia\/","title":{"rendered":"Perfume para Tejidos Mathilde M. &#8211; Divine Marquise 75 ml"},"content":{"rendered":"","protected":false},"excerpt":{"rendered":"<p><strong>Mathilde M.<\/strong> perfumista de telas perfecto para tu colada y todos tus tejidos, s\u00e1banas, almohadas, cortinas, sof\u00e1s o prendas con el perfume Divine Marquise<\/p>\n<ul>\n<li><strong>HECHO EN FRANCIA<\/strong><\/li>\n<li>Cantidad 75ml<\/li>\n<li>Di\u00e1metro 5cm<\/li>\n<li>Altura 13cm<\/li>\n<\/ul>\n<div class=\"row row-solid\"  id=\"row-2126351703\">\n\n\n\t<div id=\"col-1231035072\" class=\"col small-12 large-12\"  >\n\t\t\t\t<div class=\"col-inner\"  >\n\t\t\t\n\t\t\t\n\n\n\t\t<div class=\"icon-box featured-box icon-box-center text-center\"  >\n\t\t\t\t<div class=\"icon-box-text last-reset\">\n\t\t\t<h5 class=\"uppercase\">Divine Marquise<\/h5>\t\t\t\t\t\t\n\n<p>Elegante y sensual, una fragancia cautivadora que comienza con bergamota y luego contin\u00faa con deliciosas notas de pralin\u00e9, envueltas en un cautivador acorde oriental de \u00e1mbar y pachul\u00ed.<\/p>\n\n\t\t<\/div>\n\t<\/div>\n\t\n\t\n\n\t\t<\/div>\n\t\t\t\t\t<\/div>\n\n\t\n\n\t<div id=\"col-385730779\" class=\"col small-12 large-12\"  >\n\t\t\t\t<div class=\"col-inner\"  >\n\t\t\t\n\t\t\t\n\n\n\t\t<div class=\"icon-box featured-box icon-box-left text-left\"  >\n\t\t\t\t\t<div class=\"icon-box-img\" style=\"width: 60px\">\n\t\t\t\t<div class=\"icon\">\n\t\t\t\t\t<div class=\"icon-inner\" style=\"color:#ccc1bd;\">\n\t\t\t\t\t\t<?xml version=\"1.0\" encoding=\"utf-8\"?><!-- Uploaded to: SVG Repo, www.svgrepo.com, Generator: SVG Repo Mixer Tools -->\r\n<svg fill=\"#000000\" width=\"800px\" height=\"800px\" viewBox=\"0 0 32 32\" xmlns=\"http:\/\/www.w3.org\/2000\/svg\">\r\n    <circle cx=\"16\" cy=\"16\" r=\"16\"\/>\r\n<\/svg>\t\t\t\t\t<\/div>\n\t\t\t\t<\/div>\n\t\t\t<\/div>\n\t\t\t\t<div class=\"icon-box-text last-reset\">\n\t\t\t\t\t\t\t\t\t\n\n\t<div id=\"text-782629158\" class=\"text\">\n\t\t\n\n<h3>Notas altas<\/h3>\n<p>Bergamota<\/p>\n\t\t\n<style>\n#text-782629158 {\n  line-height: 1;\n}\n<\/style>\n\t<\/div>\n\t\n\n\t\t<\/div>\n\t<\/div>\n\t\n\t\n\n\t\t<div class=\"icon-box featured-box icon-box-left text-left\"  >\n\t\t\t\t\t<div class=\"icon-box-img\" style=\"width: 60px\">\n\t\t\t\t<div class=\"icon\">\n\t\t\t\t\t<div class=\"icon-inner\" style=\"color:#cec3bf;\">\n\t\t\t\t\t\t<?xml version=\"1.0\" encoding=\"utf-8\"?><!-- Uploaded to: SVG Repo, www.svgrepo.com, Generator: SVG Repo Mixer Tools -->\r\n<svg width=\"800px\" height=\"800px\" viewBox=\"0 0 24 24\" fill=\"none\" xmlns=\"http:\/\/www.w3.org\/2000\/svg\">\r\n<path d=\"M2 9.1371C2 14 6.01943 16.5914 8.96173 18.9109C10 19.7294 11 20.5 12 20.5C13 20.5 14 19.7294 15.0383 18.9109C17.9806 16.5914 22 14 22 9.1371C22 4.27416 16.4998 0.825464 12 5.50063C7.50016 0.825464 2 4.27416 2 9.1371Z\" fill=\"#1C274C\"\/>\r\n<\/svg>\t\t\t\t\t<\/div>\n\t\t\t\t<\/div>\n\t\t\t<\/div>\n\t\t\t\t<div class=\"icon-box-text last-reset\">\n\t\t\t\t\t\t\t\t\t\n\n\t<div id=\"text-2136069011\" class=\"text\">\n\t\t\n\n<h3>notas de corazon<\/h3>\n<p>Ylang y bombones<\/p>\n\t\t\n<style>\n#text-2136069011 {\n  line-height: 1;\n}\n<\/style>\n\t<\/div>\n\t\n\n\t\t<\/div>\n\t<\/div>\n\t\n\t\n\n\t\t<div class=\"icon-box featured-box icon-box-left text-left\"  >\n\t\t\t\t\t<div class=\"icon-box-img\" style=\"width: 60px\">\n\t\t\t\t<div class=\"icon\">\n\t\t\t\t\t<div class=\"icon-inner\" style=\"color:#cfc4c2;\">\n\t\t\t\t\t\t<?xml version=\"1.0\" encoding=\"UTF-8\" standalone=\"no\"?>\r\n<!-- Uploaded to: SVG Repo, www.svgrepo.com, Generator: SVG Repo Mixer Tools -->\r\n<svg width=\"800px\" height=\"800px\" viewBox=\"0 -12 32 32\" version=\"1.1\" xmlns=\"http:\/\/www.w3.org\/2000\/svg\" xmlns:xlink=\"http:\/\/www.w3.org\/1999\/xlink\" xmlns:sketch=\"http:\/\/www.bohemiancoding.com\/sketch\/ns\">\r\n    \r\n    <title>minus<\/title>\r\n    <desc>Created with Sketch Beta.<\/desc>\r\n    <defs>\r\n\r\n<\/defs>\r\n    <g id=\"Page-1\" stroke=\"none\" stroke-width=\"1\" fill=\"none\" fill-rule=\"evenodd\" sketch:type=\"MSPage\">\r\n        <g id=\"Icon-Set-Filled\" sketch:type=\"MSLayerGroup\" transform=\"translate(-414.000000, -1049.000000)\" fill=\"#000000\">\r\n            <path d=\"M442,1049 L418,1049 C415.791,1049 414,1050.79 414,1053 C414,1055.21 415.791,1057 418,1057 L442,1057 C444.209,1057 446,1055.21 446,1053 C446,1050.79 444.209,1049 442,1049\" id=\"minus\" sketch:type=\"MSShapeGroup\">\r\n\r\n<\/path>\r\n        <\/g>\r\n    <\/g>\r\n<\/svg>\t\t\t\t\t<\/div>\n\t\t\t\t<\/div>\n\t\t\t<\/div>\n\t\t\t\t<div class=\"icon-box-text last-reset\">\n\t\t\t\t\t\t\t\t\t\n\n\t<div id=\"text-3914692383\" class=\"text\">\n\t\t\n\n<h3>Notas de fondo<\/h3>\n<p>Pachul\u00ed, \u00c1mbar y Vainilla<\/p>\n\t\t\n<style>\n#text-3914692383 {\n  line-height: 1;\n}\n<\/style>\n\t<\/div>\n\t\n\n\t\t<\/div>\n\t<\/div>\n\t\n\t\n\n\t\t<\/div>\n\t\t\t\t\t<\/div>\n\n\t\n\n\t<div id=\"col-291124492\" class=\"col small-12 large-12\"  >\n\t\t\t\t<div class=\"col-inner text-center\"  >\n\t\t\t\n\t\t\t\n\n<p style=\"text-align: center;\"><span style=\"font-size: 120%;\"><em>Descubre todos los productos de esencia Divine Marquise<\/em><\/span><\/p>\n<a href=\"https:\/\/www.tendenzeshabbychic.it\/es\/etiqueta-producto\/divine-marquise-es\/\" class=\"button white is-gloss box-shadow-2\" >\n\t\t<span>DIVINE MARQUISE<\/span>\n\t<\/a>\n\n\n\n\t\t<\/div>\n\t\t\t\t\t<\/div>\n\n\t\n\n<\/div>\n","protected":false},"featured_media":133306,"comment_status":"open","ping_status":"closed","template":"","meta":{"_joinchat":[]},"pwb-brand":[2089],"product_brand":[],"product_cat":[2364],"product_tag":[2155],"class_list":{"0":"post-128403","1":"product","2":"type-product","3":"status-publish","4":"has-post-thumbnail","6":"pwb-brand-mathilde-m-es","7":"product_cat-perfumes-para-tejidos","8":"product_tag-divine-marquise-es","10":"first","11":"instock","12":"taxable","13":"shipping-taxable","14":"purchasable","15":"product-type-simple"},"brands":[{"id":2089,"name":"Mathilde M.","slug":"mathilde-m-es"}],"_links":{"self":[{"href":"https:\/\/www.tendenzeshabbychic.it\/es\/wp-json\/wp\/v2\/product\/128403","targetHints":{"allow":["GET"]}}],"collection":[{"href":"https:\/\/www.tendenzeshabbychic.it\/es\/wp-json\/wp\/v2\/product"}],"about":[{"href":"https:\/\/www.tendenzeshabbychic.it\/es\/wp-json\/wp\/v2\/types\/product"}],"replies":[{"embeddable":true,"href":"https:\/\/www.tendenzeshabbychic.it\/es\/wp-json\/wp\/v2\/comments?post=128403"}],"wp:featuredmedia":[{"embeddable":true,"href":"https:\/\/www.tendenzeshabbychic.it\/es\/wp-json\/wp\/v2\/media\/133306"}],"wp:attachment":[{"href":"https:\/\/www.tendenzeshabbychic.it\/es\/wp-json\/wp\/v2\/media?parent=128403"}],"wp:term":[{"taxonomy":"pwb-brand","embeddable":true,"href":"https:\/\/www.tendenzeshabbychic.it\/es\/wp-json\/wp\/v2\/pwb-brand?post=128403"},{"taxonomy":"product_brand","embeddable":true,"href":"https:\/\/www.tendenzeshabbychic.it\/es\/wp-json\/wp\/v2\/product_brand?post=128403"},{"taxonomy":"product_cat","embeddable":true,"href":"https:\/\/www.tendenzeshabbychic.it\/es\/wp-json\/wp\/v2\/product_cat?post=128403"},{"taxonomy":"product_tag","embeddable":true,"href":"https:\/\/www.tendenzeshabbychic.it\/es\/wp-json\/wp\/v2\/product_tag?post=128403"}],"curies":[{"name":"wp","href":"https:\/\/api.w.org\/{rel}","templated":true}]}}