{"id":126475,"date":"2024-02-02T10:16:10","date_gmt":"2024-02-02T09:16:10","guid":{"rendered":"https:\/\/www.tendenzeshabbychic.it\/prodotto\/borla-perfumada-mathilde-m-fleur-royale-con-decoracion-marquise-alt-30-cm\/"},"modified":"2024-06-07T16:56:29","modified_gmt":"2024-06-07T14:56:29","slug":"borla-perfumada-mathilde-m-fleur-royale-con-decoracion-marquise-alt-30-cm","status":"publish","type":"product","link":"https:\/\/www.tendenzeshabbychic.it\/es\/producto\/borla-perfumada-mathilde-m-fleur-royale-con-decoracion-marquise-alt-30-cm\/","title":{"rendered":"Borla perfumada Mathilde M. Fleur Royale con decoraci\u00f3n Marquise Alt. 30 cm"},"content":{"rendered":"<h2>Mathilde M. borla perfumada<\/h2>\n<p>Cuando el perfume se desvanezca, rev\u00edvelo con Mathilde M. Concentrado de Fragancia de Hogar 5 ml. Una pulverizaci\u00f3n aplicada a unos 10 cm de la decoraci\u00f3n es suficiente para despertarlo durante varias semanas.<\/p>\n<p>Perfume ic\u00f3nico de Mathilde M, descubre Marquise , un perfume precioso e irresistiblemente sensual que combina notas amaderadas y especiadas con la dulzura de la vainilla y el almizcle.<\/p>\n<p>Inspir\u00e1ndose en las pasamaner\u00edas m\u00e1s bellas, esta suntuosa borla Fleur Royale, adornada con una decoraci\u00f3n de yeso perfumado meticulosamente cincelada a mano, difunde su dulce aroma all\u00ed donde se cuelga: en los tiradores de puertas, cajones o armarios.<\/p>\n<p>Informaci\u00f3n \u00fatil:<br \/>\nIc\u00f3nicas de la marca, las decoraciones de yeso Mathilde M est\u00e1n delicadamente perfumadas y hechas a mano en nuestros talleres seg\u00fan m\u00e9todos artesanales por nuestro escultor ornamental.<\/p>\n<p>Consejos de uso:<br \/>\nCuando el aroma se desvanezca, revivirlo con el concentrado de aromas Mathilde M. Un spray aplicado a unos 10 cm de la decoraci\u00f3n de yeso es suficiente para perfumarlo nuevamente durante varias semanas.<\/p>\n<p>Informaci\u00f3n adicional:<br \/>\nComposici\u00f3n de la borla: poli\u00e9ster, tiza perfumada<br \/>\nDimensiones de la borla: \u00f8 4,5 x 30 cm<br \/>\nDimensiones del paquete: 6 x 23 x 4,6 cm<\/p>\n","protected":false},"excerpt":{"rendered":"<p>Borla perfumada muy refinada, con decoraci\u00f3n de yeso meticulosamente cincelada a mano y perfumada en los laboratorios <strong>Mathilde M.<\/strong> , puedes utilizarla de muchas maneras como tope de cortina, alrededor del tirador de una puerta o ventana, o en una llave, te encantar\u00e1. <strong>Esencia Marquise .<\/strong><\/p>\n<div class=\"row row-solid\"  id=\"row-43744798\">\n\n\n\t<div id=\"col-2013812263\" class=\"col small-12 large-12\"  >\n\t\t\t\t<div class=\"col-inner\"  >\n\t\t\t\n\t\t\t\n\n\n\t\t<div class=\"icon-box featured-box icon-box-center text-center\"  >\n\t\t\t\t<div class=\"icon-box-text last-reset\">\n\t\t\t<h5 class=\"uppercase\">Marquise<\/h5>\t\t\t\t\t\t\n\n<p style=\"text-align: center;\">Un encuentro precioso y sensual de notas amaderadas y especiadas con la dulzura de la vainilla y el almizcle blanco.<\/p>\n<p>El perfume m\u00e1s vendido y querido.<\/p>\n\n\t\t<\/div>\n\t<\/div>\n\t\n\t\n\n\t\t<\/div>\n\t\t\t\t\t<\/div>\n\n\t\n\n\t<div id=\"col-947670971\" class=\"col small-12 large-12\"  >\n\t\t\t\t<div class=\"col-inner\"  >\n\t\t\t\n\t\t\t\n\n\n\t\t<div class=\"icon-box featured-box icon-box-left text-left\"  >\n\t\t\t\t\t<div class=\"icon-box-img\" style=\"width: 60px\">\n\t\t\t\t<div class=\"icon\">\n\t\t\t\t\t<div class=\"icon-inner\" style=\"color:rgb(237, 165, 145);\">\n\t\t\t\t\t\t<?xml version=\"1.0\" encoding=\"utf-8\"?><!-- Uploaded to: SVG Repo, www.svgrepo.com, Generator: SVG Repo Mixer Tools -->\r\n<svg fill=\"#000000\" width=\"800px\" height=\"800px\" viewBox=\"0 0 32 32\" xmlns=\"http:\/\/www.w3.org\/2000\/svg\">\r\n    <circle cx=\"16\" cy=\"16\" r=\"16\"\/>\r\n<\/svg>\t\t\t\t\t<\/div>\n\t\t\t\t<\/div>\n\t\t\t<\/div>\n\t\t\t\t<div class=\"icon-box-text last-reset\">\n\t\t\t\t\t\t\t\t\t\n\n\t<div id=\"text-218320344\" class=\"text\">\n\t\t\n\n<h3>Notas altas<\/h3>\n<p>Madera de cedro y maderas preciosas.<\/p>\n\t\t\n<style>\n#text-218320344 {\n  line-height: 1;\n}\n<\/style>\n\t<\/div>\n\t\n\n\t\t<\/div>\n\t<\/div>\n\t\n\t\n\n\t\t<div class=\"icon-box featured-box icon-box-left text-left\"  >\n\t\t\t\t\t<div class=\"icon-box-img\" style=\"width: 60px\">\n\t\t\t\t<div class=\"icon\">\n\t\t\t\t\t<div class=\"icon-inner\" style=\"color:#eda591;\">\n\t\t\t\t\t\t<?xml version=\"1.0\" encoding=\"utf-8\"?><!-- Uploaded to: SVG Repo, www.svgrepo.com, Generator: SVG Repo Mixer Tools -->\r\n<svg width=\"800px\" height=\"800px\" viewBox=\"0 0 24 24\" fill=\"none\" xmlns=\"http:\/\/www.w3.org\/2000\/svg\">\r\n<path d=\"M2 9.1371C2 14 6.01943 16.5914 8.96173 18.9109C10 19.7294 11 20.5 12 20.5C13 20.5 14 19.7294 15.0383 18.9109C17.9806 16.5914 22 14 22 9.1371C22 4.27416 16.4998 0.825464 12 5.50063C7.50016 0.825464 2 4.27416 2 9.1371Z\" fill=\"#1C274C\"\/>\r\n<\/svg>\t\t\t\t\t<\/div>\n\t\t\t\t<\/div>\n\t\t\t<\/div>\n\t\t\t\t<div class=\"icon-box-text last-reset\">\n\t\t\t\t\t\t\t\t\t\n\n\t<div id=\"text-251079020\" class=\"text\">\n\t\t\n\n<h3>notas de corazon<\/h3>\n<p>Almizcle blanco, jara y especias<\/p>\n\t\t\n<style>\n#text-251079020 {\n  line-height: 1;\n}\n<\/style>\n\t<\/div>\n\t\n\n\t\t<\/div>\n\t<\/div>\n\t\n\t\n\n\t\t<div class=\"icon-box featured-box icon-box-left text-left\"  >\n\t\t\t\t\t<div class=\"icon-box-img\" style=\"width: 60px\">\n\t\t\t\t<div class=\"icon\">\n\t\t\t\t\t<div class=\"icon-inner\" style=\"color:#eda591;\">\n\t\t\t\t\t\t<?xml version=\"1.0\" encoding=\"UTF-8\" standalone=\"no\"?>\r\n<!-- Uploaded to: SVG Repo, www.svgrepo.com, Generator: SVG Repo Mixer Tools -->\r\n<svg width=\"800px\" height=\"800px\" viewBox=\"0 -12 32 32\" version=\"1.1\" xmlns=\"http:\/\/www.w3.org\/2000\/svg\" xmlns:xlink=\"http:\/\/www.w3.org\/1999\/xlink\" xmlns:sketch=\"http:\/\/www.bohemiancoding.com\/sketch\/ns\">\r\n    \r\n    <title>minus<\/title>\r\n    <desc>Created with Sketch Beta.<\/desc>\r\n    <defs>\r\n\r\n<\/defs>\r\n    <g id=\"Page-1\" stroke=\"none\" stroke-width=\"1\" fill=\"none\" fill-rule=\"evenodd\" sketch:type=\"MSPage\">\r\n        <g id=\"Icon-Set-Filled\" sketch:type=\"MSLayerGroup\" transform=\"translate(-414.000000, -1049.000000)\" fill=\"#000000\">\r\n            <path d=\"M442,1049 L418,1049 C415.791,1049 414,1050.79 414,1053 C414,1055.21 415.791,1057 418,1057 L442,1057 C444.209,1057 446,1055.21 446,1053 C446,1050.79 444.209,1049 442,1049\" id=\"minus\" sketch:type=\"MSShapeGroup\">\r\n\r\n<\/path>\r\n        <\/g>\r\n    <\/g>\r\n<\/svg>\t\t\t\t\t<\/div>\n\t\t\t\t<\/div>\n\t\t\t<\/div>\n\t\t\t\t<div class=\"icon-box-text last-reset\">\n\t\t\t\t\t\t\t\t\t\n\n\t<div id=\"text-1760705290\" class=\"text\">\n\t\t\n\n<h3>Notas de fondo<\/h3>\n<p>\u00c1mbar gris y vaina de vainilla<\/p>\n\t\t\n<style>\n#text-1760705290 {\n  line-height: 1;\n}\n<\/style>\n\t<\/div>\n\t\n\n\t\t<\/div>\n\t<\/div>\n\t\n\t\n\n\t\t<\/div>\n\t\t\t\t\t<\/div>\n\n\t\n\n\t<div id=\"col-1577370101\" class=\"col small-12 large-12\"  >\n\t\t\t\t<div class=\"col-inner text-center\"  >\n\t\t\t\n\t\t\t\n\n<p style=\"text-align: center;\"><span style=\"font-size: 120%;\"><em>Descubre todos los productos Esencia Marquise<\/em><\/span><\/p>\n<a href=\"https:\/\/www.tendenzeshabbychic.it\/es\/etiqueta-producto\/marquise-es\/\" class=\"button white is-gloss box-shadow-2\" >\n\t\t<span>MARQUISE<\/span>\n\t<\/a>\n\n\n\n\t\t<\/div>\n\t\t\t\t\t<\/div>\n\n\t\n\n<\/div>\n<ul>\n<li>Di\u00e1metro 4,5 x Alto 30 cm<\/li>\n<li>Caja 6x23x4,6cm<\/li>\n<\/ul>\n<p>&nbsp;<\/p>\n","protected":false},"featured_media":133337,"comment_status":"open","ping_status":"closed","template":"","meta":{"_joinchat":[]},"pwb-brand":[2089],"product_brand":[],"product_cat":[2356,2396,2363],"product_tag":[2283,2262],"class_list":{"0":"post-126475","1":"product","2":"type-product","3":"status-publish","4":"has-post-thumbnail","6":"pwb-brand-mathilde-m-es","7":"product_cat-accesorios-para-cortinas","8":"product_cat-objetos","9":"product_cat-tizas-perfumadas","10":"product_tag-idea-de-regalo","11":"product_tag-marquise-es","13":"first","14":"instock","15":"taxable","16":"shipping-taxable","17":"purchasable","18":"product-type-simple"},"brands":[{"id":2089,"name":"Mathilde M.","slug":"mathilde-m-es"}],"_links":{"self":[{"href":"https:\/\/www.tendenzeshabbychic.it\/es\/wp-json\/wp\/v2\/product\/126475","targetHints":{"allow":["GET"]}}],"collection":[{"href":"https:\/\/www.tendenzeshabbychic.it\/es\/wp-json\/wp\/v2\/product"}],"about":[{"href":"https:\/\/www.tendenzeshabbychic.it\/es\/wp-json\/wp\/v2\/types\/product"}],"replies":[{"embeddable":true,"href":"https:\/\/www.tendenzeshabbychic.it\/es\/wp-json\/wp\/v2\/comments?post=126475"}],"wp:featuredmedia":[{"embeddable":true,"href":"https:\/\/www.tendenzeshabbychic.it\/es\/wp-json\/wp\/v2\/media\/133337"}],"wp:attachment":[{"href":"https:\/\/www.tendenzeshabbychic.it\/es\/wp-json\/wp\/v2\/media?parent=126475"}],"wp:term":[{"taxonomy":"pwb-brand","embeddable":true,"href":"https:\/\/www.tendenzeshabbychic.it\/es\/wp-json\/wp\/v2\/pwb-brand?post=126475"},{"taxonomy":"product_brand","embeddable":true,"href":"https:\/\/www.tendenzeshabbychic.it\/es\/wp-json\/wp\/v2\/product_brand?post=126475"},{"taxonomy":"product_cat","embeddable":true,"href":"https:\/\/www.tendenzeshabbychic.it\/es\/wp-json\/wp\/v2\/product_cat?post=126475"},{"taxonomy":"product_tag","embeddable":true,"href":"https:\/\/www.tendenzeshabbychic.it\/es\/wp-json\/wp\/v2\/product_tag?post=126475"}],"curies":[{"name":"wp","href":"https:\/\/api.w.org\/{rel}","templated":true}]}}