{"id":124956,"date":"2024-01-13T17:22:20","date_gmt":"2024-01-13T16:22:20","guid":{"rendered":"https:\/\/www.tendenzeshabbychic.it\/prodotto\/mathilde-m-exquis-gel-de-ducha-fleur-de-mandarine-250-ml\/"},"modified":"2024-01-16T22:56:09","modified_gmt":"2024-01-16T21:56:09","slug":"mathilde-m-exquis-gel-de-ducha-fleur-de-mandarine-250-ml","status":"publish","type":"product","link":"https:\/\/www.tendenzeshabbychic.it\/es\/producto\/mathilde-m-exquis-gel-de-ducha-fleur-de-mandarine-250-ml\/","title":{"rendered":"Mathilde M. Exquis gel de ducha Fleur de Mandarine 250 ml"},"content":{"rendered":"<div class=\"compo-info\"><\/div>\n<div><\/div>\n","protected":false},"excerpt":{"rendered":"<p>Gel de ducha Mathilde M. <strong>Fleur de Mandarine<\/strong> , reg\u00e1late un momento de cremosa relajaci\u00f3n. Deja la piel incre\u00edblemente sedosa y aterciopelada, deliciosamente perfumada.<\/p>\n<div class=\"row row-solid\"  id=\"row-174721086\">\n\n\n\t<div id=\"col-1489580979\" class=\"col small-12 large-12\"  >\n\t\t\t\t<div class=\"col-inner\"  >\n\t\t\t\n\t\t\t\n\n\n\t\t<div class=\"icon-box featured-box icon-box-center text-center\"  >\n\t\t\t\t<div class=\"icon-box-text last-reset\">\n\t\t\t<h5 class=\"uppercase\">Fleur de Mandarine<\/h5>\t\t\t\t\t\t\n\n<p>A la sombra fresca de un patio en los jardines reales de Sintra, la fragancia de la fleur de manadarine se mezcla con un acorde soleado de ylang-ylang y azahar, culminando en una exquisita nota de vainilla y s\u00e1ndalo. Un mosaico fragante...<\/p>\n\n\t\t<\/div>\n\t<\/div>\n\t\n\t\n\n\t\t<\/div>\n\t\t\t\t\t<\/div>\n\n\t\n\n\t<div id=\"col-1663421647\" class=\"col small-12 large-12\"  >\n\t\t\t\t<div class=\"col-inner\"  >\n\t\t\t\n\t\t\t\n\n\n\t\t<div class=\"icon-box featured-box icon-box-left text-left\"  >\n\t\t\t\t\t<div class=\"icon-box-img\" style=\"width: 60px\">\n\t\t\t\t<div class=\"icon\">\n\t\t\t\t\t<div class=\"icon-inner\" style=\"color:rgb(228, 173, 117);\">\n\t\t\t\t\t\t<?xml version=\"1.0\" encoding=\"utf-8\"?><!-- Uploaded to: SVG Repo, www.svgrepo.com, Generator: SVG Repo Mixer Tools -->\r\n<svg fill=\"#000000\" width=\"800px\" height=\"800px\" viewBox=\"0 0 32 32\" xmlns=\"http:\/\/www.w3.org\/2000\/svg\">\r\n    <circle cx=\"16\" cy=\"16\" r=\"16\"\/>\r\n<\/svg>\t\t\t\t\t<\/div>\n\t\t\t\t<\/div>\n\t\t\t<\/div>\n\t\t\t\t<div class=\"icon-box-text last-reset\">\n\t\t\t\t\t\t\t\t\t\n\n\t<div id=\"text-2640138674\" class=\"text\">\n\t\t\n\n<h3>Notas altas<\/h3>\n<p>mandarina y bergamota<\/p>\n\t\t\n<style>\n#text-2640138674 {\n  line-height: 1;\n}\n<\/style>\n\t<\/div>\n\t\n\n\t\t<\/div>\n\t<\/div>\n\t\n\t\n\n\t\t<div class=\"icon-box featured-box icon-box-left text-left\"  >\n\t\t\t\t\t<div class=\"icon-box-img\" style=\"width: 60px\">\n\t\t\t\t<div class=\"icon\">\n\t\t\t\t\t<div class=\"icon-inner\" style=\"color:#e4ad75;\">\n\t\t\t\t\t\t<?xml version=\"1.0\" encoding=\"utf-8\"?><!-- Uploaded to: SVG Repo, www.svgrepo.com, Generator: SVG Repo Mixer Tools -->\r\n<svg width=\"800px\" height=\"800px\" viewBox=\"0 0 24 24\" fill=\"none\" xmlns=\"http:\/\/www.w3.org\/2000\/svg\">\r\n<path d=\"M2 9.1371C2 14 6.01943 16.5914 8.96173 18.9109C10 19.7294 11 20.5 12 20.5C13 20.5 14 19.7294 15.0383 18.9109C17.9806 16.5914 22 14 22 9.1371C22 4.27416 16.4998 0.825464 12 5.50063C7.50016 0.825464 2 4.27416 2 9.1371Z\" fill=\"#1C274C\"\/>\r\n<\/svg>\t\t\t\t\t<\/div>\n\t\t\t\t<\/div>\n\t\t\t<\/div>\n\t\t\t\t<div class=\"icon-box-text last-reset\">\n\t\t\t\t\t\t\t\t\t\n\n\t<div id=\"text-3492717698\" class=\"text\">\n\t\t\n\n<h3>notas de corazon<\/h3>\n<p>Ylang y azahar<\/p>\n\t\t\n<style>\n#text-3492717698 {\n  line-height: 1;\n}\n<\/style>\n\t<\/div>\n\t\n\n\t\t<\/div>\n\t<\/div>\n\t\n\t\n\n\t\t<div class=\"icon-box featured-box icon-box-left text-left\"  >\n\t\t\t\t\t<div class=\"icon-box-img\" style=\"width: 60px\">\n\t\t\t\t<div class=\"icon\">\n\t\t\t\t\t<div class=\"icon-inner\" style=\"color:#e4ad75;\">\n\t\t\t\t\t\t<?xml version=\"1.0\" encoding=\"UTF-8\" standalone=\"no\"?>\r\n<!-- Uploaded to: SVG Repo, www.svgrepo.com, Generator: SVG Repo Mixer Tools -->\r\n<svg width=\"800px\" height=\"800px\" viewBox=\"0 -12 32 32\" version=\"1.1\" xmlns=\"http:\/\/www.w3.org\/2000\/svg\" xmlns:xlink=\"http:\/\/www.w3.org\/1999\/xlink\" xmlns:sketch=\"http:\/\/www.bohemiancoding.com\/sketch\/ns\">\r\n    \r\n    <title>minus<\/title>\r\n    <desc>Created with Sketch Beta.<\/desc>\r\n    <defs>\r\n\r\n<\/defs>\r\n    <g id=\"Page-1\" stroke=\"none\" stroke-width=\"1\" fill=\"none\" fill-rule=\"evenodd\" sketch:type=\"MSPage\">\r\n        <g id=\"Icon-Set-Filled\" sketch:type=\"MSLayerGroup\" transform=\"translate(-414.000000, -1049.000000)\" fill=\"#000000\">\r\n            <path d=\"M442,1049 L418,1049 C415.791,1049 414,1050.79 414,1053 C414,1055.21 415.791,1057 418,1057 L442,1057 C444.209,1057 446,1055.21 446,1053 C446,1050.79 444.209,1049 442,1049\" id=\"minus\" sketch:type=\"MSShapeGroup\">\r\n\r\n<\/path>\r\n        <\/g>\r\n    <\/g>\r\n<\/svg>\t\t\t\t\t<\/div>\n\t\t\t\t<\/div>\n\t\t\t<\/div>\n\t\t\t\t<div class=\"icon-box-text last-reset\">\n\t\t\t\t\t\t\t\t\t\n\n\t<div id=\"text-1102696449\" class=\"text\">\n\t\t\n\n<h3>Notas de fondo<\/h3>\n<p>vainilla y s\u00e1ndalo<\/p>\n\t\t\n<style>\n#text-1102696449 {\n  line-height: 1;\n}\n<\/style>\n\t<\/div>\n\t\n\n\t\t<\/div>\n\t<\/div>\n\t\n\t\n\n\t\t<\/div>\n\t\t\t\t\t<\/div>\n\n\t\n\n\t<div id=\"col-1151609294\" class=\"col small-12 large-12\"  >\n\t\t\t\t<div class=\"col-inner text-center\"  >\n\t\t\t\n\t\t\t\n\n<p style=\"text-align: center;\"><span style=\"font-size: 120%;\"><em>Descubre todos los productos con esencia Fleur de Mandarine<\/em><\/span><\/p>\n<a href=\"https:\/\/www.tendenzeshabbychic.it\/es\/etiqueta-producto\/fleur-de-mandarine-es\/\" class=\"button white is-gloss box-shadow-2\" >\n\t\t<span>FLEUR DE MANDARINE<\/span>\n\t<\/a>\n\n\n\n\t\t<\/div>\n\t\t\t\t\t<\/div>\n\n\t\n\n<\/div>\n<ul>\n<li><strong>HECHO EN FRANCIA<\/strong><\/li>\n<li>Cantidad 250ml<\/li>\n<li>Di\u00e1metro 5cm<\/li>\n<li>Altura 21,5 cm<\/li>\n<li><strong>Nueva f\u00f3rmula a\u00fan m\u00e1s fragante.<\/strong><\/li>\n<\/ul>\n<p>Elaborado con un 95% de ingredientes naturales, amigable con la piel, sin parabenos, colorantes, ftalatos, fenoxietanol, CMR y EDTA.<\/p>\n","protected":false},"featured_media":123446,"comment_status":"open","ping_status":"closed","template":"","meta":{"_joinchat":[]},"pwb-brand":[2089],"product_brand":[],"product_cat":[2367,3289,2344],"product_tag":[2194,2283],"class_list":{"0":"post-124956","1":"product","2":"type-product","3":"status-publish","4":"has-post-thumbnail","6":"pwb-brand-mathilde-m-es","7":"product_cat-jabones","8":"product_cat-linea-cuerpo","9":"product_cat-perfumistas","10":"product_tag-fleur-de-mandarine-es","11":"product_tag-idea-de-regalo","13":"first","14":"instock","15":"taxable","16":"shipping-taxable","17":"purchasable","18":"product-type-simple"},"brands":[{"id":2089,"name":"Mathilde M.","slug":"mathilde-m-es"}],"_links":{"self":[{"href":"https:\/\/www.tendenzeshabbychic.it\/es\/wp-json\/wp\/v2\/product\/124956","targetHints":{"allow":["GET"]}}],"collection":[{"href":"https:\/\/www.tendenzeshabbychic.it\/es\/wp-json\/wp\/v2\/product"}],"about":[{"href":"https:\/\/www.tendenzeshabbychic.it\/es\/wp-json\/wp\/v2\/types\/product"}],"replies":[{"embeddable":true,"href":"https:\/\/www.tendenzeshabbychic.it\/es\/wp-json\/wp\/v2\/comments?post=124956"}],"wp:featuredmedia":[{"embeddable":true,"href":"https:\/\/www.tendenzeshabbychic.it\/es\/wp-json\/wp\/v2\/media\/123446"}],"wp:attachment":[{"href":"https:\/\/www.tendenzeshabbychic.it\/es\/wp-json\/wp\/v2\/media?parent=124956"}],"wp:term":[{"taxonomy":"pwb-brand","embeddable":true,"href":"https:\/\/www.tendenzeshabbychic.it\/es\/wp-json\/wp\/v2\/pwb-brand?post=124956"},{"taxonomy":"product_brand","embeddable":true,"href":"https:\/\/www.tendenzeshabbychic.it\/es\/wp-json\/wp\/v2\/product_brand?post=124956"},{"taxonomy":"product_cat","embeddable":true,"href":"https:\/\/www.tendenzeshabbychic.it\/es\/wp-json\/wp\/v2\/product_cat?post=124956"},{"taxonomy":"product_tag","embeddable":true,"href":"https:\/\/www.tendenzeshabbychic.it\/es\/wp-json\/wp\/v2\/product_tag?post=124956"}],"curies":[{"name":"wp","href":"https:\/\/api.w.org\/{rel}","templated":true}]}}