{"id":116217,"date":"2023-11-17T16:04:44","date_gmt":"2023-11-17T15:04:44","guid":{"rendered":"https:\/\/www.tendenzeshabbychic.it\/prodotto\/nuvole-di-stoffa-tarro-de-cristal-caramelle-my-home\/"},"modified":"2023-11-17T16:04:44","modified_gmt":"2023-11-17T15:04:44","slug":"nuvole-di-stoffa-tarro-de-vidrio-dulces-my-home","status":"publish","type":"product","link":"https:\/\/www.tendenzeshabbychic.it\/es\/producto\/nuvole-di-stoffa-tarro-de-vidrio-dulces-my-home\/","title":{"rendered":"Nuvole di Stoffa Tarro de cristal CARAMELLE My Home"},"content":{"rendered":"","protected":false},"excerpt":{"rendered":"<p>Tarro de vidrio de borosilicato CARAMELLE completo con tap\u00f3n herm\u00e9tico, parte de la colecci\u00f3n My Home dise\u00f1ada por Nuvole di Stoffa .<\/p>\n<ul>\n<li>Di\u00e1metro 11,5 cm<\/li>\n<li>Altura14 cm<\/li>\n<li>Capacidad 1300ml<\/li>\n<\/ul>\n","protected":false},"featured_media":115634,"comment_status":"open","ping_status":"closed","template":"","meta":{"_joinchat":[]},"pwb-brand":[2090],"product_brand":[],"product_cat":[2382],"product_tag":[2188],"class_list":{"0":"post-116217","1":"product","2":"type-product","3":"status-publish","4":"has-post-thumbnail","6":"pwb-brand-nuvole-di-stoffa-es","7":"product_cat-accesorios-de-cocina","8":"product_tag-my-home-es","10":"first","11":"instock","12":"taxable","13":"shipping-taxable","14":"purchasable","15":"product-type-simple"},"brands":[{"id":2090,"name":"Nuvole di Stoffa","slug":"nuvole-di-stoffa-es"}],"_links":{"self":[{"href":"https:\/\/www.tendenzeshabbychic.it\/es\/wp-json\/wp\/v2\/product\/116217","targetHints":{"allow":["GET"]}}],"collection":[{"href":"https:\/\/www.tendenzeshabbychic.it\/es\/wp-json\/wp\/v2\/product"}],"about":[{"href":"https:\/\/www.tendenzeshabbychic.it\/es\/wp-json\/wp\/v2\/types\/product"}],"replies":[{"embeddable":true,"href":"https:\/\/www.tendenzeshabbychic.it\/es\/wp-json\/wp\/v2\/comments?post=116217"}],"wp:featuredmedia":[{"embeddable":true,"href":"https:\/\/www.tendenzeshabbychic.it\/es\/wp-json\/wp\/v2\/media\/115634"}],"wp:attachment":[{"href":"https:\/\/www.tendenzeshabbychic.it\/es\/wp-json\/wp\/v2\/media?parent=116217"}],"wp:term":[{"taxonomy":"pwb-brand","embeddable":true,"href":"https:\/\/www.tendenzeshabbychic.it\/es\/wp-json\/wp\/v2\/pwb-brand?post=116217"},{"taxonomy":"product_brand","embeddable":true,"href":"https:\/\/www.tendenzeshabbychic.it\/es\/wp-json\/wp\/v2\/product_brand?post=116217"},{"taxonomy":"product_cat","embeddable":true,"href":"https:\/\/www.tendenzeshabbychic.it\/es\/wp-json\/wp\/v2\/product_cat?post=116217"},{"taxonomy":"product_tag","embeddable":true,"href":"https:\/\/www.tendenzeshabbychic.it\/es\/wp-json\/wp\/v2\/product_tag?post=116217"}],"curies":[{"name":"wp","href":"https:\/\/api.w.org\/{rel}","templated":true}]}}