{"id":113490,"date":"2025-08-15T01:00:01","date_gmt":"2025-08-14T23:00:01","guid":{"rendered":"https:\/\/www.tendenzeshabbychic.it\/?post_type=product&#038;p=113490"},"modified":"2025-08-07T22:00:47","modified_gmt":"2025-08-07T21:00:47","slug":"edg-arbol-de-navidad-iluminado-pino-slim-h-180-cm-con-led-360","status":"publish","type":"product","link":"https:\/\/www.tendenzeshabbychic.it\/es\/producto\/edg-arbol-de-navidad-iluminado-pino-slim-h-180-cm-con-led-360\/","title":{"rendered":"EDG \u00c1rbol de Navidad de pino delgado iluminado, altura 180 cm, con 360 LED"},"content":{"rendered":"<div class=\"row align-equal row-box-shadow-3\"  id=\"row-463006479\">\n\n\n\t<div id=\"col-1478859537\" class=\"col small-12 large-12\"  >\n\t\t\t\t<div class=\"col-inner\"  >\n\t\t\t\n\t\t\t\n\n\t<div id=\"text-1646609054\" class=\"text\">\n\t\t\n\n<p>\ud83d\udca1 Estos \u00e1rboles de Navidad con luces LED integradas est\u00e1n dise\u00f1ados para garantizar la continuidad de la iluminaci\u00f3n incluso en caso de mal funcionamiento de una o m\u00e1s luces.<\/p>\n<p>Los LED son muy duraderos y consumen poca energ\u00eda, por lo que rara vez fallan en comparaci\u00f3n con las bombillas tradicionales.<\/p>\n<p>Sin embargo, si esto sucediera, los \u00e1rboles EDG tienen un sistema de continuidad: esto significa que, aunque uno o m\u00e1s LED dejen de funcionar, las dem\u00e1s luces seguir\u00e1n encendidas sin problemas.<\/p>\n<p>Adem\u00e1s, proporcionamos todas las instrucciones para un correcto mantenimiento.<\/p>\n\t\t\n<style>\n#text-1646609054 {\n  line-height: 1.35;\n  color: rgb(255,255,255);\n}\n#text-1646609054 > * {\n  color: rgb(255,255,255);\n}\n<\/style>\n\t<\/div>\n\t\n\n\t\t<\/div>\n\t\t\t\t\t<\/div>\n\n\t\n\n\n<style>\n#row-463006479 > .col > .col-inner {\n  padding: 10px 10px 10px 10px;\n  background-color: rgb(178, 177, 177);\n  border-radius: 30px;\n}\n@media (min-width:550px) {\n  #row-463006479 > .col > .col-inner {\n    padding: 10px 10px 10px 10px;\n  }\n}\n@media (min-width:850px) {\n  #row-463006479 > .col > .col-inner {\n    padding: 10px 10px 5px 20px;\n  }\n}\n<\/style>\n<\/div>\n<ul>\n<li>Di\u00e1metro del tronco 22,5 mm<\/li>\n<li>1094 sucursales (636pe+458pvc)<\/li>\n<li>MATERIAL IGN\u00cdFUGO Y NO T\u00d3XICO<\/li>\n<\/ul>\n\n\t<section class=\"section dark\" id=\"section_514108060\">\n\t\t<div class=\"section-bg fill\" >\n\t\t\t\t\t\t\t\t\t<div class=\"section-bg-overlay absolute fill\"><\/div>\n\t\t\t\n\n\t\t<\/div>\n\n\t\t\n\n\t\t<div class=\"section-content relative\">\n\t\t\t\n\n<div class=\"row align-center\"  id=\"row-1424141447\">\n\n\n\t<div id=\"col-2054308715\" class=\"col medium-10 small-12 large-10\"  >\n\t\t\t\t<div class=\"col-inner text-center\"  >\n\t\t\t\n\t\t\t\n\n\t<div id=\"gap-443203872\" class=\"gap-element clearfix\" style=\"display:block; height:auto;\">\n\t\t\n<style>\n#gap-443203872 {\n  padding-top: 10px;\n}\n@media (min-width:550px) {\n  #gap-443203872 {\n    padding-top: 30px;\n  }\n}\n<\/style>\n\t<\/div>\n\t\n\n\t<div id=\"text-193906577\" class=\"text\">\n\t\t\n\n<h3 class=\"uppercase\" style=\"text-align: center;\">TODO PARA TU \u00c1RBOL DE NAVIDAD<\/h3>\n<p style=\"text-align: left;\">Descubra las muchas decoraciones disponibles, muchos materiales (desde vidrio hasta madera), diferentes dise\u00f1os y estilos.<\/p>\n\t\t\n<style>\n#text-193906577 {\n  font-size: 1.4rem;\n  text-align: left;\n}\n<\/style>\n\t<\/div>\n\t\n<a href=\"https:\/\/www.tendenzeshabbychic.it\/es\/categoria-producto\/navidad\/bolas-y-decoraciones-arbol-de-navidad\/\" class=\"button white is-outline\" style=\"border-radius:79px;\">\n\t\t<span>\ud83c\udf84 Decora tu \u00e1rbol \ud83c\udf84<\/span>\n\t<\/a>\n\n\n\n\t\t<\/div>\n\t\t\t\t\t<\/div>\n\n\t\n\n<\/div>\n\n\t\t<\/div>\n\n\t\t\n<style>\n#section_514108060 {\n  padding-top: 60px;\n  padding-bottom: 60px;\n  min-height: 300px;\n  background-color: rgb(245, 245, 245);\n}\n#section_514108060 .section-bg-overlay {\n  background-color: rgba(0, 0, 0, 0.5);\n}\n#section_514108060 .section-bg img {\n  object-position: 39% 25%;\n}\n@media (min-width:550px) {\n  #section_514108060 .section-bg-overlay {\n    background-color: rgba(0, 0, 0, 0.378);\n  }\n}\n<\/style>\n\t<\/section>\n\t\n","protected":false},"excerpt":{"rendered":"<p>El \u00c1rbol de Navidad Pino Slim EDG ya iluminado con 360 mini LED con luz c\u00e1lida es la mejor soluci\u00f3n para quienes buscan un \u00e1rbol de Navidad que ocupe poco espacio pero que al mismo tiempo ame el lujo y los productos de calidad.<\/p>\n<p>Paraguas de apertura, se monta en unos sencillos pasos.<\/p>\n<ol>\n<li>Abre las 3 partes las sucursales 1094 se abrir\u00e1n autom\u00e1ticamente<\/li>\n<li>Atornillar el tronco m\u00e1s grande a la base<\/li>\n<li>Une los otros dos troncos<\/li>\n<li>Coloca las ramas como quieras<\/li>\n<li>Con\u00e9ctelo a la toma de corriente<\/li>\n<li>\u00a1Hecho!<\/li>\n<\/ol>\n<p><strong>\ud83d\udccf Dimensiones:<\/strong><\/p>\n<ul>\n<li style=\"list-style-type: none;\">\n<ul>\n<li>Di\u00e1metro 75 cm<\/li>\n<li>Alto 180cm<\/li>\n<\/ul>\n<\/li>\n<\/ul>\n<p>Todos los adornos navide\u00f1os de EDG son productos de primera calidad.<\/p>\n<div class=\"product-short-description\">\n<p>Llegar\u00e1 completa con una base cl\u00e1sica, la <strong>base en forma de tronco se vende por separado, est\u00e1 disponible <a href=\"https:\/\/www.tendenzeshabbychic.it\/categoria-prodotto\/natale\/supporti-per-alberi-di-natale\/\">AQU\u00cd.<\/a><\/strong><\/p>\n<p><iframe loading=\"lazy\" title=\"YouTube video player\" src=\"https:\/\/www.youtube.com\/embed\/jrIcIRM6Ql0\" width=\"540\" height=\"960\" frameborder=\"0\" allowfullscreen=\"allowfullscreen\"><\/iframe><\/p>\n<p><iframe loading=\"lazy\" title=\"YouTube video player\" src=\"https:\/\/www.youtube.com\/embed\/l-0u_ab7h2M\" width=\"540\" height=\"960\" frameborder=\"0\" allowfullscreen=\"allowfullscreen\"><\/iframe><\/p>\n<p><a href=\"https:\/\/www.tendenzeshabbychic.it\/wp-content\/uploads\/2025\/08\/EDG_PinoSlim_LED_Manuale.pdf\"><strong>Descargar el manual<\/strong><\/a><\/p>\n<\/div>\n","protected":false},"featured_media":113493,"comment_status":"open","ping_status":"closed","template":"","meta":{"_joinchat":[]},"pwb-brand":[2084],"product_brand":[],"product_cat":[2484],"product_tag":[3335,3345,3341],"class_list":{"0":"post-113490","1":"product","2":"type-product","3":"status-publish","4":"has-post-thumbnail","6":"pwb-brand-edg-enzo-de-gasperi","7":"product_cat-arboles-de-navidad","8":"product_tag-arboles-de-navidad-180-cm","9":"product_tag-arboles-de-navidad-delgados","10":"product_tag-arboles-de-navidad-iluminados","11":"pa_colore-verde-es","13":"first","14":"instock","15":"sale","16":"featured","17":"taxable","18":"shipping-taxable","19":"purchasable","20":"product-type-simple"},"brands":[{"id":2084,"name":"EDG - Enzo De Gasperi","slug":"edg-enzo-de-gasperi"}],"_links":{"self":[{"href":"https:\/\/www.tendenzeshabbychic.it\/es\/wp-json\/wp\/v2\/product\/113490","targetHints":{"allow":["GET"]}}],"collection":[{"href":"https:\/\/www.tendenzeshabbychic.it\/es\/wp-json\/wp\/v2\/product"}],"about":[{"href":"https:\/\/www.tendenzeshabbychic.it\/es\/wp-json\/wp\/v2\/types\/product"}],"replies":[{"embeddable":true,"href":"https:\/\/www.tendenzeshabbychic.it\/es\/wp-json\/wp\/v2\/comments?post=113490"}],"wp:featuredmedia":[{"embeddable":true,"href":"https:\/\/www.tendenzeshabbychic.it\/es\/wp-json\/wp\/v2\/media\/113493"}],"wp:attachment":[{"href":"https:\/\/www.tendenzeshabbychic.it\/es\/wp-json\/wp\/v2\/media?parent=113490"}],"wp:term":[{"taxonomy":"pwb-brand","embeddable":true,"href":"https:\/\/www.tendenzeshabbychic.it\/es\/wp-json\/wp\/v2\/pwb-brand?post=113490"},{"taxonomy":"product_brand","embeddable":true,"href":"https:\/\/www.tendenzeshabbychic.it\/es\/wp-json\/wp\/v2\/product_brand?post=113490"},{"taxonomy":"product_cat","embeddable":true,"href":"https:\/\/www.tendenzeshabbychic.it\/es\/wp-json\/wp\/v2\/product_cat?post=113490"},{"taxonomy":"product_tag","embeddable":true,"href":"https:\/\/www.tendenzeshabbychic.it\/es\/wp-json\/wp\/v2\/product_tag?post=113490"}],"curies":[{"name":"wp","href":"https:\/\/api.w.org\/{rel}","templated":true}]}}