{"id":108328,"date":"2022-04-25T00:04:53","date_gmt":"2022-04-24T22:04:53","guid":{"rendered":"https:\/\/www.tendenzeshabbychic.it\/prodotto\/cortina-lino-incrustaciones-en-versalles-encaje-blanco-natural-220-x-300-chez-moi\/"},"modified":"2024-11-11T19:04:32","modified_gmt":"2024-11-11T18:04:32","slug":"cortina-lino-incrustaciones-en-versalles-encaje-blanco-natural-220-x-300-chez-moi","status":"publish","type":"product","link":"https:\/\/www.tendenzeshabbychic.it\/es\/producto\/cortina-lino-incrustaciones-en-versalles-encaje-blanco-natural-220-x-300-chez-moi\/","title":{"rendered":"Cortina de lino con incrustaciones de encaje Versailles blanco natural 220 x 300 Chez Moi"},"content":{"rendered":"<ul>\n<li>material: 100% lino y encaje (80% nailon, 20% algod\u00f3n)<\/li>\n<li>color: blanco c\u00e1lido<\/li>\n<li><strong>Chez Moi<\/strong> puro lujo italiano<\/li>\n<\/ul>\n","protected":false},"excerpt":{"rendered":"<p><strong>DIMENSIONES:<\/strong> L 220 x H 300 cm<\/p>\n<p> Cortina de puro <strong>lino<\/strong> con incrustaci\u00f3n lateral en encaje Versailles especular blanco natural hecho a mano en Italia por <strong>Chez Moi .<\/strong> Puedes colgarlo gracias a los c\u00f3modos cordones creando lazos muy rom\u00e1nticos o en un palo gracias al \u00fanico lazo retr\u00e1ctil.<\/p>\n<p> <strong>(tambi\u00e9n a medida o en otro color bajo pedido)<\/strong><\/p>\n","protected":false},"featured_media":87404,"comment_status":"open","ping_status":"closed","template":"","meta":{"_joinchat":[]},"pwb-brand":[2079],"product_brand":[],"product_cat":[2355],"product_tag":[2131,2845,2848,2280,2183,2259],"class_list":{"0":"post-108328","1":"product","2":"type-product","3":"status-publish","4":"has-post-thumbnail","6":"pwb-brand-chez-moi-es","7":"product_cat-cortinas","8":"product_tag-blanco-natural","9":"product_tag-comedor","10":"product_tag-dormitorio","11":"product_tag-hecho-a-mano","12":"product_tag-lino-es","13":"product_tag-made-in-italy-es","14":"product_shipping_class-no-contrassegno-es","16":"first","17":"onbackorder","18":"taxable","19":"shipping-taxable","20":"purchasable","21":"product-type-simple"},"brands":[{"id":2079,"name":"Chez Moi","slug":"chez-moi-es"}],"_links":{"self":[{"href":"https:\/\/www.tendenzeshabbychic.it\/es\/wp-json\/wp\/v2\/product\/108328","targetHints":{"allow":["GET"]}}],"collection":[{"href":"https:\/\/www.tendenzeshabbychic.it\/es\/wp-json\/wp\/v2\/product"}],"about":[{"href":"https:\/\/www.tendenzeshabbychic.it\/es\/wp-json\/wp\/v2\/types\/product"}],"replies":[{"embeddable":true,"href":"https:\/\/www.tendenzeshabbychic.it\/es\/wp-json\/wp\/v2\/comments?post=108328"}],"wp:featuredmedia":[{"embeddable":true,"href":"https:\/\/www.tendenzeshabbychic.it\/es\/wp-json\/wp\/v2\/media\/87404"}],"wp:attachment":[{"href":"https:\/\/www.tendenzeshabbychic.it\/es\/wp-json\/wp\/v2\/media?parent=108328"}],"wp:term":[{"taxonomy":"pwb-brand","embeddable":true,"href":"https:\/\/www.tendenzeshabbychic.it\/es\/wp-json\/wp\/v2\/pwb-brand?post=108328"},{"taxonomy":"product_brand","embeddable":true,"href":"https:\/\/www.tendenzeshabbychic.it\/es\/wp-json\/wp\/v2\/product_brand?post=108328"},{"taxonomy":"product_cat","embeddable":true,"href":"https:\/\/www.tendenzeshabbychic.it\/es\/wp-json\/wp\/v2\/product_cat?post=108328"},{"taxonomy":"product_tag","embeddable":true,"href":"https:\/\/www.tendenzeshabbychic.it\/es\/wp-json\/wp\/v2\/product_tag?post=108328"}],"curies":[{"name":"wp","href":"https:\/\/api.w.org\/{rel}","templated":true}]}}