{"id":107007,"date":"2022-02-26T20:11:16","date_gmt":"2022-02-26T19:11:16","guid":{"rendered":"https:\/\/www.tendenzeshabbychic.it\/prodotto\/barra-cortina-shabby-chic-con-flores-marfil-y-oro-160-300\/"},"modified":"2026-04-10T15:49:28","modified_gmt":"2026-04-10T13:49:28","slug":"barra-cortina-shabby-chic-con-flores-marfil-y-oro-160-300","status":"publish","type":"product","link":"https:\/\/www.tendenzeshabbychic.it\/es\/producto\/barra-cortina-shabby-chic-con-flores-marfil-y-oro-160-300\/","title":{"rendered":"Barra de cortina Shabby Chic con flores marfil y doradas 160-300"},"content":{"rendered":"<ul>\n<li>material: met\u00e1lico<\/li>\n<\/ul>\n","protected":false},"excerpt":{"rendered":"<p><strong>DIMENSIONES:<\/strong> min 160 max 300 cm Barra de cortina con flores de marfil con pantallas doradas, tambi\u00e9n completa con 48 anillas (que se pueden quitar). Perfecto para una cortina shabby chic y un ambiente rom\u00e1ntico. F\u00e1cil instalaci\u00f3n, en el paquete encontrar\u00e1s todo lo necesario para el montaje.  <\/p>\n<ul>\n<li>3 soportes para cortinas<\/li>\n<\/ul>\n","protected":false},"featured_media":86737,"comment_status":"open","ping_status":"closed","template":"","meta":{"_joinchat":[]},"pwb-brand":[2086],"product_brand":[],"product_cat":[2356,2355],"product_tag":[],"class_list":{"0":"post-107007","1":"product","2":"type-product","3":"status-publish","4":"has-post-thumbnail","6":"pwb-brand-latelier-17","7":"product_cat-accesorios-para-cortinas","8":"product_cat-cortinas","10":"first","11":"instock","12":"taxable","13":"shipping-taxable","14":"purchasable","15":"product-type-simple"},"brands":[{"id":2086,"name":"L'Atelier 17","slug":"latelier-17"}],"_links":{"self":[{"href":"https:\/\/www.tendenzeshabbychic.it\/es\/wp-json\/wp\/v2\/product\/107007","targetHints":{"allow":["GET"]}}],"collection":[{"href":"https:\/\/www.tendenzeshabbychic.it\/es\/wp-json\/wp\/v2\/product"}],"about":[{"href":"https:\/\/www.tendenzeshabbychic.it\/es\/wp-json\/wp\/v2\/types\/product"}],"replies":[{"embeddable":true,"href":"https:\/\/www.tendenzeshabbychic.it\/es\/wp-json\/wp\/v2\/comments?post=107007"}],"wp:featuredmedia":[{"embeddable":true,"href":"https:\/\/www.tendenzeshabbychic.it\/es\/wp-json\/wp\/v2\/media\/86737"}],"wp:attachment":[{"href":"https:\/\/www.tendenzeshabbychic.it\/es\/wp-json\/wp\/v2\/media?parent=107007"}],"wp:term":[{"taxonomy":"pwb-brand","embeddable":true,"href":"https:\/\/www.tendenzeshabbychic.it\/es\/wp-json\/wp\/v2\/pwb-brand?post=107007"},{"taxonomy":"product_brand","embeddable":true,"href":"https:\/\/www.tendenzeshabbychic.it\/es\/wp-json\/wp\/v2\/product_brand?post=107007"},{"taxonomy":"product_cat","embeddable":true,"href":"https:\/\/www.tendenzeshabbychic.it\/es\/wp-json\/wp\/v2\/product_cat?post=107007"},{"taxonomy":"product_tag","embeddable":true,"href":"https:\/\/www.tendenzeshabbychic.it\/es\/wp-json\/wp\/v2\/product_tag?post=107007"}],"curies":[{"name":"wp","href":"https:\/\/api.w.org\/{rel}","templated":true}]}}