{"id":105720,"date":"2025-02-27T12:45:49","date_gmt":"2025-02-27T11:45:49","guid":{"rendered":"https:\/\/www.tendenzeshabbychic.it\/prodotto\/alfombra-alfombra-swamy-polvo-rosa-55x240-coccole-di-casa\/"},"modified":"2025-02-27T13:02:01","modified_gmt":"2025-02-27T12:02:01","slug":"alfombra-alfombra-swamy-polvo-rosa-55x240-coccole-di-casa","status":"publish","type":"product","link":"https:\/\/www.tendenzeshabbychic.it\/es\/producto\/alfombra-alfombra-swamy-polvo-rosa-55x240-coccole-di-casa\/","title":{"rendered":"Camino de mesa Swamy rosa empolvado 55&#215;240 Coccole di Casa"},"content":{"rendered":"<p>Materiales: 40% acr\u00edlico, 30% algod\u00f3n, 30% poli\u00e9ster (antideslizante). Producto HECHO EN ITALIA. Lavable a m\u00e1quina a baja temperatura, tambi\u00e9n se puede planchar a baja temperatura, no utilice batidor de alfombras.<\/p>\n<p>Firmado Coccole di Casa es parte de la colecci\u00f3n Swamy.<\/p>\n","protected":false},"excerpt":{"rendered":"<p>Alfombra shabby Chic rosa empolvado de 55&#215;240 con motivos florales vintage y antideslizante (un elemento esencial para este tipo de alfombras).<\/p>\n<p>Dado el tama\u00f1o puedes colocarlo en la entrada, en el pasillo o en la cocina.<\/p>\n","protected":false},"featured_media":96139,"comment_status":"open","ping_status":"closed","template":"","meta":{"_joinchat":[]},"pwb-brand":[1054],"product_brand":[],"product_cat":[2351],"product_tag":[788,1059,3284],"class_list":{"0":"post-105720","1":"product","2":"type-product","3":"status-publish","4":"has-post-thumbnail","6":"pwb-brand-coccole-di-casa","7":"product_cat-alfombras","8":"product_tag-made-in-italy","9":"product_tag-swamy","10":"product_tag-saldi","12":"first","13":"outofstock","14":"sale","15":"taxable","16":"shipping-taxable","17":"purchasable","18":"product-type-simple"},"brands":[{"id":2083,"name":"Coccole di Casa","slug":"coccole-di-casa-es"}],"_links":{"self":[{"href":"https:\/\/www.tendenzeshabbychic.it\/es\/wp-json\/wp\/v2\/product\/105720","targetHints":{"allow":["GET"]}}],"collection":[{"href":"https:\/\/www.tendenzeshabbychic.it\/es\/wp-json\/wp\/v2\/product"}],"about":[{"href":"https:\/\/www.tendenzeshabbychic.it\/es\/wp-json\/wp\/v2\/types\/product"}],"replies":[{"embeddable":true,"href":"https:\/\/www.tendenzeshabbychic.it\/es\/wp-json\/wp\/v2\/comments?post=105720"}],"wp:featuredmedia":[{"embeddable":true,"href":"https:\/\/www.tendenzeshabbychic.it\/es\/wp-json\/wp\/v2\/media\/96139"}],"wp:attachment":[{"href":"https:\/\/www.tendenzeshabbychic.it\/es\/wp-json\/wp\/v2\/media?parent=105720"}],"wp:term":[{"taxonomy":"pwb-brand","embeddable":true,"href":"https:\/\/www.tendenzeshabbychic.it\/es\/wp-json\/wp\/v2\/pwb-brand?post=105720"},{"taxonomy":"product_brand","embeddable":true,"href":"https:\/\/www.tendenzeshabbychic.it\/es\/wp-json\/wp\/v2\/product_brand?post=105720"},{"taxonomy":"product_cat","embeddable":true,"href":"https:\/\/www.tendenzeshabbychic.it\/es\/wp-json\/wp\/v2\/product_cat?post=105720"},{"taxonomy":"product_tag","embeddable":true,"href":"https:\/\/www.tendenzeshabbychic.it\/es\/wp-json\/wp\/v2\/product_tag?post=105720"}],"curies":[{"name":"wp","href":"https:\/\/api.w.org\/{rel}","templated":true}]}}