{"id":105029,"date":"2025-08-15T01:00:01","date_gmt":"2025-08-14T23:00:01","guid":{"rendered":"https:\/\/www.tendenzeshabbychic.it\/prodotto\/cenefa-slim-pino-arbol-navidad-h-210-cm\/"},"modified":"2025-10-29T10:30:09","modified_gmt":"2025-10-29T09:30:09","slug":"cenefa-slim-pino-arbol-navidad-h-210-cm","status":"publish","type":"product","link":"https:\/\/www.tendenzeshabbychic.it\/es\/producto\/cenefa-slim-pino-arbol-navidad-h-210-cm\/","title":{"rendered":"EDG \u00c1rbol de Navidad de pino delgado Alt. 210 cm"},"content":{"rendered":"<ul>\n<li>Di\u00e1metro del tronco 22,5 mm<\/li>\n<li>1418 sucursales (798pe+620pvc)<\/li>\n<\/ul>\n\n\t<section class=\"section dark\" id=\"section_2005609993\">\n\t\t<div class=\"section-bg fill\" >\n\t\t\t\t\t\t\t\t\t<div class=\"section-bg-overlay absolute fill\"><\/div>\n\t\t\t\n\n\t\t<\/div>\n\n\t\t\n\n\t\t<div class=\"section-content relative\">\n\t\t\t\n\n<div class=\"row align-center\"  id=\"row-1098083922\">\n\n\n\t<div id=\"col-771748979\" class=\"col medium-10 small-12 large-10\"  >\n\t\t\t\t<div class=\"col-inner text-center\"  >\n\t\t\t\n\t\t\t\n\n\t<div id=\"gap-35104262\" class=\"gap-element clearfix\" style=\"display:block; height:auto;\">\n\t\t\n<style>\n#gap-35104262 {\n  padding-top: 10px;\n}\n@media (min-width:550px) {\n  #gap-35104262 {\n    padding-top: 30px;\n  }\n}\n<\/style>\n\t<\/div>\n\t\n\n\t<div id=\"text-2430570034\" class=\"text\">\n\t\t\n\n<h3 class=\"uppercase\" style=\"text-align: center;\">TODO PARA TU \u00c1RBOL DE NAVIDAD<\/h3>\n<p style=\"text-align: left;\">Descubra las muchas decoraciones disponibles, muchos materiales (desde vidrio hasta madera), diferentes dise\u00f1os y estilos.<\/p>\n\t\t\n<style>\n#text-2430570034 {\n  font-size: 1.4rem;\n  text-align: left;\n}\n<\/style>\n\t<\/div>\n\t\n<a href=\"https:\/\/www.tendenzeshabbychic.it\/es\/categoria-producto\/navidad\/bolas-y-decoraciones-arbol-de-navidad\/\" class=\"button white is-outline\" style=\"border-radius:79px;\">\n\t\t<span>\ud83c\udf84 Decora tu \u00e1rbol \ud83c\udf84<\/span>\n\t<\/a>\n\n\n\n\t\t<\/div>\n\t\t\t\t\t<\/div>\n\n\t\n\n<\/div>\n\n\t\t<\/div>\n\n\t\t\n<style>\n#section_2005609993 {\n  padding-top: 60px;\n  padding-bottom: 60px;\n  min-height: 300px;\n  background-color: rgb(245, 245, 245);\n}\n#section_2005609993 .section-bg-overlay {\n  background-color: rgba(0, 0, 0, 0.5);\n}\n#section_2005609993 .section-bg img {\n  object-position: 39% 25%;\n}\n@media (min-width:550px) {\n  #section_2005609993 .section-bg-overlay {\n    background-color: rgba(0, 0, 0, 0.378);\n  }\n}\n<\/style>\n\t<\/section>\n\t\n","protected":false},"excerpt":{"rendered":"<p><strong>Di\u00e1metro 81 x Alto 210cm<\/strong><\/p>\n<p>El \u00c1rbol de Navidad Pino Slim EDG es la mejor soluci\u00f3n para aquellos que buscan un \u00e1rbol de Navidad que ocupe poco espacio pero al mismo tiempo aman los productos de lujo y calidad.<\/p>\n<p>Paraguas de apertura, se monta en unos sencillos pasos.<\/p>\n<ol>\n<li>Abra las 3 partes, las 1418 sucursales se abrir\u00e1n autom\u00e1ticamente<\/li>\n<li>Atornillar el tronco m\u00e1s grande a la base<\/li>\n<li>Une los otros dos troncos<\/li>\n<li>Coloca las ramas como quieras<\/li>\n<li>\u00a1Hecho!<\/li>\n<\/ol>\n<p>Todos los adornos navide\u00f1os de EDG son productos de primera calidad.<\/p>\n<p>Vendr\u00e1 completo con la base cl\u00e1sica, la <strong>base con forma de ba\u00fal se vende por separado, est\u00e1 disponible <a href=\"https:\/\/www.tendenzeshabbychic.it\/categoria-prodotto\/natale\/supporti-per-alberi-di-natale\/\">AQU\u00cd<\/a> .<\/strong><\/p>\n<p><iframe loading=\"lazy\" title=\"YouTube video player\" src=\"https:\/\/www.youtube.com\/embed\/jrIcIRM6Ql0\" width=\"540\" height=\"960\" frameborder=\"0\" allowfullscreen=\"allowfullscreen\"><\/iframe><\/p>\n<p><a href=\"https:\/\/www.tendenzeshabbychic.it\/wp-content\/uploads\/2025\/08\/EDG_PinoSlim_NO_LED_Manuale.pdf\"><strong>Descargar el manual<\/strong><\/a><\/p>\n<p><iframe loading=\"lazy\" title=\"YouTube video player\" src=\"https:\/\/www.youtube.com\/embed\/ic-VX_dAeAc\" width=\"540\" height=\"960\" frameborder=\"0\" allowfullscreen=\"allowfullscreen\"><\/iframe><\/p>\n","protected":false},"featured_media":105023,"comment_status":"open","ping_status":"closed","template":"","meta":{"_joinchat":[]},"pwb-brand":[2084],"product_brand":[],"product_cat":[2484],"product_tag":[3337,3347,3345],"class_list":{"0":"post-105029","1":"product","2":"type-product","3":"status-publish","4":"has-post-thumbnail","6":"pwb-brand-edg-enzo-de-gasperi","7":"product_cat-arboles-de-navidad","8":"product_tag-arboles-de-navidad-210-cm","9":"product_tag-arboles-de-navidad-apagados","10":"product_tag-arboles-de-navidad-delgados","11":"pa_colore-verde-es","13":"first","14":"instock","15":"sale","16":"featured","17":"taxable","18":"shipping-taxable","19":"purchasable","20":"product-type-simple"},"brands":[{"id":2084,"name":"EDG - Enzo De Gasperi","slug":"edg-enzo-de-gasperi"}],"_links":{"self":[{"href":"https:\/\/www.tendenzeshabbychic.it\/es\/wp-json\/wp\/v2\/product\/105029","targetHints":{"allow":["GET"]}}],"collection":[{"href":"https:\/\/www.tendenzeshabbychic.it\/es\/wp-json\/wp\/v2\/product"}],"about":[{"href":"https:\/\/www.tendenzeshabbychic.it\/es\/wp-json\/wp\/v2\/types\/product"}],"replies":[{"embeddable":true,"href":"https:\/\/www.tendenzeshabbychic.it\/es\/wp-json\/wp\/v2\/comments?post=105029"}],"wp:featuredmedia":[{"embeddable":true,"href":"https:\/\/www.tendenzeshabbychic.it\/es\/wp-json\/wp\/v2\/media\/105023"}],"wp:attachment":[{"href":"https:\/\/www.tendenzeshabbychic.it\/es\/wp-json\/wp\/v2\/media?parent=105029"}],"wp:term":[{"taxonomy":"pwb-brand","embeddable":true,"href":"https:\/\/www.tendenzeshabbychic.it\/es\/wp-json\/wp\/v2\/pwb-brand?post=105029"},{"taxonomy":"product_brand","embeddable":true,"href":"https:\/\/www.tendenzeshabbychic.it\/es\/wp-json\/wp\/v2\/product_brand?post=105029"},{"taxonomy":"product_cat","embeddable":true,"href":"https:\/\/www.tendenzeshabbychic.it\/es\/wp-json\/wp\/v2\/product_cat?post=105029"},{"taxonomy":"product_tag","embeddable":true,"href":"https:\/\/www.tendenzeshabbychic.it\/es\/wp-json\/wp\/v2\/product_tag?post=105029"}],"curies":[{"name":"wp","href":"https:\/\/api.w.org\/{rel}","templated":true}]}}