{"id":103275,"date":"2022-05-01T20:28:24","date_gmt":"2022-05-01T19:28:24","guid":{"rendered":"https:\/\/www.tendenzeshabbychic.it\/prodotto\/pareja-de-cortinas-para-ventana-puerta-en-pizzo-corinzio-lujo-blanco-natural-48-x-140\/"},"modified":"2023-07-31T19:41:02","modified_gmt":"2023-07-31T17:41:02","slug":"pareja-de-cortinas-para-ventana-puerta-en-pizzo-corinzio-lujo-blanco-natural-48-x-140","status":"publish","type":"product","link":"https:\/\/www.tendenzeshabbychic.it\/es\/producto\/pareja-de-cortinas-para-ventana-puerta-en-pizzo-corinzio-lujo-blanco-natural-48-x-140\/","title":{"rendered":"Par de cortinas francesas de encaje corintio Luxury blanco natural 48 x 140"},"content":{"rendered":"<p>Par de cortinas para ventanas francesas en puro encaje corintio de lujo. El rico bordado presente en toda la cortina y el elegante festoneado que bordea todos los lados har\u00e1n que sus ventanas sean a\u00fan m\u00e1s elegantes.<\/p>\n<p>Las cortinas tienen un lazo para insertar la barra y una peque\u00f1a cresta de 2 cm en la parte superior.Despu\u00e9s de fijar la barra en la ventana, puede decidir si estirar completamente la cortina sobre el vidrio o crear un ligero rizo.<\/p>\n<p>Puedes usar estas cortinas en diferentes ambientes, ideales en el ba\u00f1o, en la cocina, en la sala, el color blanco natural las hace adecuadas tanto en un estilo de hogar m\u00e1s cl\u00e1sico como en uno moderno y contempor\u00e1neo, haciendo que tus habitaciones sean \u00fanicas y lujoso.<\/p>\n<p>El refinamiento del encaje   corintio los hace especialmente adecuados para el estilo rom\u00e1ntico y shabby chic.<\/p>\n<ul>\n<li>tama\u00f1o : 48x 140<\/li>\n<li>material:80% nailon, 20% algod\u00f3n<\/li>\n<li><strong>hecho en Italia<\/strong><\/li>\n<li>lavable a m\u00e1quina a 30\u00b0, preferentemente lavado delicado.<\/li>\n<li>sistema de fijaci\u00f3n: bucle \u00fanico para insertar el palo<\/li>\n<\/ul>\n\n\t<section class=\"section\" id=\"section_1951401869\">\n\t\t<div class=\"section-bg fill\" >\n\t\t\t\t\t\t\t\t\t\n\t\t\t\n\n\t\t<\/div>\n\n\t\t\n\n\t\t<div class=\"section-content relative\">\n\t\t\t\n\n<div class=\"row\"  id=\"row-2043321086\">\n\n\n\t<div id=\"col-834123931\" class=\"col small-12 large-12\"  >\n\t\t\t\t<div class=\"col-inner\"  >\n\t\t\t\n\t\t\t\n\n\t<div id=\"text-2913016011\" class=\"text\">\n\t\t\n\n<h3><span style=\"font-size: 115%;\">El consejo de Serena...<\/span><\/h3>\n<p>Trate sus prendas como se merecen, utilice el spray y suavizante para telas original <strong>Chez Moi<\/strong> para sus preciados tejidos.<\/p>\n\t\t\n<style>\n#text-2913016011 {\n  font-size: 1.3rem;\n}\n<\/style>\n\t<\/div>\n\t\n\n\t\t<\/div>\n\t\t\t\t\t<\/div>\n\n\t\n\n<\/div>\n<div class=\"row\"  id=\"row-137739716\">\n\n\n\t<div id=\"col-1360716088\" class=\"col medium-6 small-6 large-6\"  >\n\t\t\t\t<div class=\"col-inner\"  >\n\t\t\t\n\t\t\t\n\n\t\n  \n    <div class=\"row large-columns-1 medium-columns- small-columns- row-small has-shadow row-box-shadow-1\" >\n  \n\t     <div class=\"product-small col has-hover product type-product post-103455 status-publish first instock product_cat-perfumes-para-tejidos product_tag-encaje product_tag-made-in-italy-es has-post-thumbnail taxable shipping-taxable purchasable product-type-simple\">\n\t<div class=\"col-inner\">\n\t\n<div class=\"badge-container absolute left top z-1\">\n\n<\/div>\n\t<div class=\"product-small box \">\n\t\t<div class=\"box-image\">\n\t\t\t<div class=\"image-fade_in_back\">\n\t\t\t\t<a href=\"https:\/\/www.tendenzeshabbychic.it\/es\/producto\/spray-para-tejidos-de-encaje-fior-chez-moi\/\">\n\t\t\t\t\t<img loading=\"lazy\" decoding=\"async\" width=\"500\" height=\"500\" src=\"https:\/\/www.tendenzeshabbychic.it\/wp-content\/uploads\/2022\/05\/soray-per-tessuti-fior-di-pizzo-chez-moi-500x500.jpg\" class=\"attachment-woocommerce_thumbnail size-woocommerce_thumbnail\" alt=\"spray Chez Moi fragancia encaje flor\" srcset=\"https:\/\/www.tendenzeshabbychic.it\/wp-content\/uploads\/2022\/05\/soray-per-tessuti-fior-di-pizzo-chez-moi-500x500.jpg 500w, https:\/\/www.tendenzeshabbychic.it\/wp-content\/uploads\/2022\/05\/soray-per-tessuti-fior-di-pizzo-chez-moi-100x100.jpg 100w, https:\/\/www.tendenzeshabbychic.it\/wp-content\/uploads\/2022\/05\/soray-per-tessuti-fior-di-pizzo-chez-moi-64x64.jpg 64w, https:\/\/www.tendenzeshabbychic.it\/wp-content\/uploads\/2022\/05\/soray-per-tessuti-fior-di-pizzo-chez-moi-400x400.jpg 400w, https:\/\/www.tendenzeshabbychic.it\/wp-content\/uploads\/2022\/05\/soray-per-tessuti-fior-di-pizzo-chez-moi-800x800.jpg 800w, https:\/\/www.tendenzeshabbychic.it\/wp-content\/uploads\/2022\/05\/soray-per-tessuti-fior-di-pizzo-chez-moi-280x280.jpg 280w, https:\/\/www.tendenzeshabbychic.it\/wp-content\/uploads\/2022\/05\/soray-per-tessuti-fior-di-pizzo-chez-moi-768x768.jpg 768w, https:\/\/www.tendenzeshabbychic.it\/wp-content\/uploads\/2022\/05\/soray-per-tessuti-fior-di-pizzo-chez-moi-247x247.jpg 247w, https:\/\/www.tendenzeshabbychic.it\/wp-content\/uploads\/2022\/05\/soray-per-tessuti-fior-di-pizzo-chez-moi-510x510.jpg 510w, https:\/\/www.tendenzeshabbychic.it\/wp-content\/uploads\/2022\/05\/soray-per-tessuti-fior-di-pizzo-chez-moi.jpg 1000w\" sizes=\"auto, (max-width: 500px) 100vw, 500px\" \/>\t\t\t\t<\/a>\n\t\t\t<\/div>\n\t\t\t<div class=\"image-tools is-small top right show-on-hover\">\n\t\t\t\t\t\t\t<\/div>\n\t\t\t<div class=\"image-tools is-small hide-for-small bottom left show-on-hover\">\n\t\t\t\t\t\t\t<\/div>\n\t\t\t<div class=\"image-tools grid-tools text-center hide-for-small bottom hover-slide-in show-on-hover\">\n\t\t\t\t\t\t\t<\/div>\n\t\t\t\t\t<\/div>\n\n\t\t<div class=\"box-text box-text-products\">\n\t\t\t<div class=\"title-wrapper\"><p class=\"name product-title woocommerce-loop-product__title\"><a href=\"https:\/\/www.tendenzeshabbychic.it\/es\/producto\/spray-para-tejidos-de-encaje-fior-chez-moi\/\" class=\"woocommerce-LoopProduct-link woocommerce-loop-product__link\">Spray para Tejidos Fior di Pizzo Chez Moi<\/a><\/p><\/div><div class=\"price-wrapper\"><div class=\"star-rating star-rating--inline\" role=\"img\" aria-label=\"Valorado con 5 de 5\"><span style=\"width:100%\">Valorado con <strong class=\"rating\">5<\/strong> de 5<\/span><\/div>\n\t<span class=\"price\"><span class=\"woocommerce-Price-amount amount\"><bdi>14,90&nbsp;<span class=\"woocommerce-Price-currencySymbol\">&euro;<\/span><\/bdi><\/span><\/span>\n<\/div>\t\t<\/div>\n\t<\/div>\n\t\t\t\t<input type=\"hidden\" class=\"pmwProductId\" data-id=\"103455\">\n\t\t\t\t\t<script>\n\t\t\t(window.pmwDataLayer = window.pmwDataLayer || {}).products                = window.pmwDataLayer.products || {};\n\t\t\twindow.pmwDataLayer.products[103455] = {\"id\":\"103455\",\"sku\":\"SPRAYCHEZMOI\",\"price\":14.9,\"brand\":\"\",\"quantity\":1,\"dyn_r_ids\":{\"post_id\":\"103455\",\"sku\":\"SPRAYCHEZMOI\",\"gpf\":\"woocommerce_gpf_103455\",\"gla\":\"gla_103455\"},\"is_variable\":false,\"type\":\"simple\",\"name\":\"Spray para Tejidos Fior di Pizzo Chez Moi\",\"category\":[\"Perfumes para tejidos\"],\"is_variation\":false};\n\t\t\t\t\twindow.pmw_product_position = window.pmw_product_position || 1;\n\t\twindow.pmwDataLayer.products[103455]['position'] = window.pmw_product_position++;\n\t\t\t\t<\/script>\n\t\t\t<\/div>\n<\/div><\/div>\n\n\n\t\t<\/div>\n\t\t\t\t\t<\/div>\n\n\t\n\n\t<div id=\"col-2042603576\" class=\"col medium-6 small-6 large-6\"  >\n\t\t\t\t<div class=\"col-inner\"  >\n\t\t\t\n\t\t\t\n\n\t\n  \n    <div class=\"row large-columns-1 medium-columns- small-columns- row-small has-shadow row-box-shadow-1\" >\n  \n\t     <\/div>\n\n\n\t\t<\/div>\n\t\t\t\t\t<\/div>\n\n\t\n\n<\/div>\n\n\t\t<\/div>\n\n\t\t\n<style>\n#section_1951401869 {\n  padding-top: 30px;\n  padding-bottom: 30px;\n}\n<\/style>\n\t<\/section>\n\t\n","protected":false},"excerpt":{"rendered":"<p><strong>Dimensiones:<\/strong> L 48 x H 140 cm<\/p>\n<p>Par de cortinas francesas de puro encaje corintio <strong>de lujo<\/strong> hechas a mano en Italia por Chez Moi , la ligera transparencia de la tela permitir\u00e1 que mucha luz se filtre en sus habitaciones.<\/p>\n<p><strong>Hay 2 hojas en cada paquete.<\/strong><\/p>\n","protected":false},"featured_media":86797,"comment_status":"open","ping_status":"closed","template":"","meta":{"_joinchat":[]},"pwb-brand":[2079],"product_brand":[],"product_cat":[2355,2759],"product_tag":[2131,2208,2280,2259],"class_list":{"0":"post-103275","1":"product","2":"type-product","3":"status-publish","4":"has-post-thumbnail","6":"pwb-brand-chez-moi-es","7":"product_cat-cortinas","8":"product_cat-cortinas-de-ventana","9":"product_tag-blanco-natural","10":"product_tag-encaje-corinzio","11":"product_tag-hecho-a-mano","12":"product_tag-made-in-italy-es","14":"","15":"outofstock","16":"taxable","17":"shipping-taxable","18":"purchasable","19":"product-type-simple"},"brands":[{"id":2079,"name":"Chez Moi","slug":"chez-moi-es"}],"_links":{"self":[{"href":"https:\/\/www.tendenzeshabbychic.it\/es\/wp-json\/wp\/v2\/product\/103275","targetHints":{"allow":["GET"]}}],"collection":[{"href":"https:\/\/www.tendenzeshabbychic.it\/es\/wp-json\/wp\/v2\/product"}],"about":[{"href":"https:\/\/www.tendenzeshabbychic.it\/es\/wp-json\/wp\/v2\/types\/product"}],"replies":[{"embeddable":true,"href":"https:\/\/www.tendenzeshabbychic.it\/es\/wp-json\/wp\/v2\/comments?post=103275"}],"wp:featuredmedia":[{"embeddable":true,"href":"https:\/\/www.tendenzeshabbychic.it\/es\/wp-json\/wp\/v2\/media\/86797"}],"wp:attachment":[{"href":"https:\/\/www.tendenzeshabbychic.it\/es\/wp-json\/wp\/v2\/media?parent=103275"}],"wp:term":[{"taxonomy":"pwb-brand","embeddable":true,"href":"https:\/\/www.tendenzeshabbychic.it\/es\/wp-json\/wp\/v2\/pwb-brand?post=103275"},{"taxonomy":"product_brand","embeddable":true,"href":"https:\/\/www.tendenzeshabbychic.it\/es\/wp-json\/wp\/v2\/product_brand?post=103275"},{"taxonomy":"product_cat","embeddable":true,"href":"https:\/\/www.tendenzeshabbychic.it\/es\/wp-json\/wp\/v2\/product_cat?post=103275"},{"taxonomy":"product_tag","embeddable":true,"href":"https:\/\/www.tendenzeshabbychic.it\/es\/wp-json\/wp\/v2\/product_tag?post=103275"}],"curies":[{"name":"wp","href":"https:\/\/api.w.org\/{rel}","templated":true}]}}