{"id":101677,"date":"2023-05-05T10:31:14","date_gmt":"2023-05-05T09:31:14","guid":{"rendered":"https:\/\/www.tendenzeshabbychic.it\/prodotto\/cortina-con-lazos-y-borlas-burdeos-infinity-150x300\/"},"modified":"2023-07-30T13:48:56","modified_gmt":"2023-07-30T11:48:56","slug":"cortina-con-lazos-y-borlas-burdeos-infinity-150x300","status":"publish","type":"product","link":"https:\/\/www.tendenzeshabbychic.it\/es\/producto\/cortina-con-lazos-y-borlas-burdeos-infinity-150x300\/","title":{"rendered":"Cortina con trabillas y borlas burdeos Infinity 150&#215;300"},"content":{"rendered":"<p>Cortina con trabillas y borlas en color burdeos 100% algod\u00f3n, forma parte de la famosa colecci\u00f3n Infinity de Blanc Maricl\u00f2.<\/p>\n","protected":false},"excerpt":{"rendered":"<p>Dimensiones: L 150 x H 300 cm<\/p>\n<p>Cortina con trabillas y borlas en color burdeos 100% algod\u00f3n, forma parte de la famosa colecci\u00f3n Infinity de Blanc Maricl\u00f2.<\/p>\n","protected":false},"featured_media":97761,"comment_status":"open","ping_status":"closed","template":"","meta":{"_joinchat":[]},"pwb-brand":[2076],"product_brand":[],"product_cat":[2355],"product_tag":[2176,3286],"class_list":{"0":"post-101677","1":"product","2":"type-product","3":"status-publish","4":"has-post-thumbnail","6":"pwb-brand-blanc-mariclo-es","7":"product_cat-cortinas","8":"product_tag-infinity-es","9":"product_tag-ventas","10":"pa_colore-bordeaux-es","12":"first","13":"outofstock","14":"sale","15":"taxable","16":"shipping-taxable","17":"purchasable","18":"product-type-simple"},"brands":[{"id":2076,"name":"Blanc Mariclo","slug":"blanc-mariclo-es"}],"_links":{"self":[{"href":"https:\/\/www.tendenzeshabbychic.it\/es\/wp-json\/wp\/v2\/product\/101677","targetHints":{"allow":["GET"]}}],"collection":[{"href":"https:\/\/www.tendenzeshabbychic.it\/es\/wp-json\/wp\/v2\/product"}],"about":[{"href":"https:\/\/www.tendenzeshabbychic.it\/es\/wp-json\/wp\/v2\/types\/product"}],"replies":[{"embeddable":true,"href":"https:\/\/www.tendenzeshabbychic.it\/es\/wp-json\/wp\/v2\/comments?post=101677"}],"wp:featuredmedia":[{"embeddable":true,"href":"https:\/\/www.tendenzeshabbychic.it\/es\/wp-json\/wp\/v2\/media\/97761"}],"wp:attachment":[{"href":"https:\/\/www.tendenzeshabbychic.it\/es\/wp-json\/wp\/v2\/media?parent=101677"}],"wp:term":[{"taxonomy":"pwb-brand","embeddable":true,"href":"https:\/\/www.tendenzeshabbychic.it\/es\/wp-json\/wp\/v2\/pwb-brand?post=101677"},{"taxonomy":"product_brand","embeddable":true,"href":"https:\/\/www.tendenzeshabbychic.it\/es\/wp-json\/wp\/v2\/product_brand?post=101677"},{"taxonomy":"product_cat","embeddable":true,"href":"https:\/\/www.tendenzeshabbychic.it\/es\/wp-json\/wp\/v2\/product_cat?post=101677"},{"taxonomy":"product_tag","embeddable":true,"href":"https:\/\/www.tendenzeshabbychic.it\/es\/wp-json\/wp\/v2\/product_tag?post=101677"}],"curies":[{"name":"wp","href":"https:\/\/api.w.org\/{rel}","templated":true}]}}