{"id":101509,"date":"2026-05-07T10:50:51","date_gmt":"2026-05-07T08:50:51","guid":{"rendered":"https:\/\/www.tendenzeshabbychic.it\/prodotto\/par-sabanas-con-encaje-sangallo-nicole\/"},"modified":"2026-05-07T12:57:30","modified_gmt":"2026-05-07T10:57:30","slug":"par-sabanas-con-encaje-sangallo-nicole","status":"publish","type":"product","link":"https:\/\/www.tendenzeshabbychic.it\/es\/producto\/par-sabanas-con-encaje-sangallo-nicole\/","title":{"rendered":"Par de s\u00e1banas de encaje sangallo Nicole"},"content":{"rendered":"<h3 style=\"text-align: center;\">Atelier 17 encaje sangallo \u00abNicole\u00bb par de s\u00e1banas dobles<\/h3>\n<p>Pero, \u00bfqu\u00e9 agradable es la sensaci\u00f3n de unas s\u00e1banas reci\u00e9n planchadas con olor a suavizante y una cama perfecta?<\/p>\n<p>Dimensiones de las hojas dobles<\/p>\n<ul>\n<li>par de fundas de almohada 52*82 cm<\/li>\n<li>s\u00e1bana plana 250*300 cm<\/li>\n<li>s\u00e1bana bajera 180*200 cm<\/li>\n<li>material: 100% algod\u00f3n, encaje san gallo<\/li>\n<li>colores disponibles: marfil, blanco, rosa<\/li>\n<li>producto artesanal cosido a mano<\/li>\n<\/ul>\n","protected":false},"excerpt":{"rendered":"<p>Par de s\u00e1banas Atelier 17 con encaje sangallo \u00abNicole\u00bb cama doble, 100% algod\u00f3n<\/p>\n<p>L&#8217;Atelier 17 es una empresa 100% Made In Italy<\/p>\n<ul>\n<li>S\u00e1bana encimera con volante: 250 x 300 cm<\/li>\n<li>S\u00e1bana bajera: 180 x 200 cm con esquinas<\/li>\n<li>2 fundas de almohada con volantes: 50 x 80 cm<\/li>\n<\/ul>\n<p><strong>Para comprar: elige el color que quieras, la cantidad y luego haz clic en a\u00f1adir al carrito.<\/strong><\/p>\n","protected":false},"featured_media":83744,"comment_status":"open","ping_status":"closed","template":"","meta":{"_joinchat":[]},"pwb-brand":[2086],"product_brand":[],"product_cat":[2330],"product_tag":[2848,2250,2259],"class_list":{"0":"post-101509","1":"product","2":"type-product","3":"status-publish","4":"has-post-thumbnail","6":"pwb-brand-latelier-17","7":"product_cat-sabanas-matrimoniales","8":"product_tag-dormitorio","9":"product_tag-encaje-sangallo","10":"product_tag-made-in-italy-es","11":"pa_colore-blanco","12":"pa_colore-marfil","13":"pa_colore-rosa-es","15":"first","16":"instock","17":"sale","18":"taxable","19":"shipping-taxable","20":"purchasable","21":"product-type-variable"},"brands":[{"id":2086,"name":"L'Atelier 17","slug":"latelier-17"}],"_links":{"self":[{"href":"https:\/\/www.tendenzeshabbychic.it\/es\/wp-json\/wp\/v2\/product\/101509","targetHints":{"allow":["GET"]}}],"collection":[{"href":"https:\/\/www.tendenzeshabbychic.it\/es\/wp-json\/wp\/v2\/product"}],"about":[{"href":"https:\/\/www.tendenzeshabbychic.it\/es\/wp-json\/wp\/v2\/types\/product"}],"replies":[{"embeddable":true,"href":"https:\/\/www.tendenzeshabbychic.it\/es\/wp-json\/wp\/v2\/comments?post=101509"}],"wp:featuredmedia":[{"embeddable":true,"href":"https:\/\/www.tendenzeshabbychic.it\/es\/wp-json\/wp\/v2\/media\/83744"}],"wp:attachment":[{"href":"https:\/\/www.tendenzeshabbychic.it\/es\/wp-json\/wp\/v2\/media?parent=101509"}],"wp:term":[{"taxonomy":"pwb-brand","embeddable":true,"href":"https:\/\/www.tendenzeshabbychic.it\/es\/wp-json\/wp\/v2\/pwb-brand?post=101509"},{"taxonomy":"product_brand","embeddable":true,"href":"https:\/\/www.tendenzeshabbychic.it\/es\/wp-json\/wp\/v2\/product_brand?post=101509"},{"taxonomy":"product_cat","embeddable":true,"href":"https:\/\/www.tendenzeshabbychic.it\/es\/wp-json\/wp\/v2\/product_cat?post=101509"},{"taxonomy":"product_tag","embeddable":true,"href":"https:\/\/www.tendenzeshabbychic.it\/es\/wp-json\/wp\/v2\/product_tag?post=101509"}],"curies":[{"name":"wp","href":"https:\/\/api.w.org\/{rel}","templated":true}]}}