{"id":101423,"date":"2022-03-12T21:49:37","date_gmt":"2022-03-12T20:49:37","guid":{"rendered":"https:\/\/www.tendenzeshabbychic.it\/prodotto\/cortina-en-pizzo-corinzio-prestige-encaje-con-lazada-y-lazos-blanco-natural-230x300-cm\/"},"modified":"2022-03-12T21:49:37","modified_gmt":"2022-03-12T20:49:37","slug":"cortina-en-pizzo-corinzio-prestige-encaje-con-lazada-y-lazos-blanco-natural-230x300-cm","status":"publish","type":"product","link":"https:\/\/www.tendenzeshabbychic.it\/es\/producto\/cortina-en-pizzo-corinzio-prestige-encaje-con-lazada-y-lazos-blanco-natural-230x300-cm\/","title":{"rendered":"Cortina encaje   corintio Prestige con lazo Blanco Natural y lazos 230&#215;300 cm"},"content":{"rendered":"<p>Maravilloso tel\u00f3n en prestigioso encaje   corintio confeccionado por Chez Moi , sobre todo el c\u00e1lido tul blanco hay un rico bordado, a los lados una hermosa vieira hace que este toldo de abundantes medidas sea rico y lujoso, es perfecto para dejar elegantes y majestuosas tus estancias sin ser exagerado.<\/p>\n<p>Puedes decidir colgarlo en la barra de la cortina, ya sea con el lazo encaje   retr\u00e1ctil \u00fanico o con los cordones de lino, perfectos para hacer deliciosos lacitos.<\/p>\n<p>Esta cortina encaje   corintio es ideal para amueblar perfectamente su hogar en un estilo provenzal cl\u00e1sico, shabby y rom\u00e1ntico, le dar\u00e1 a sus habitaciones ese toque extra.<\/p>\n<p>Con un dise\u00f1o \u00fanico y refinado, Chez Moi una empresa made in Italy, lleva a\u00f1os decorando sus hogares con un estilo rom\u00e1ntico y principesco.<\/p>\n<p>Dadas sus generosas dimensiones de 230 cm de ancho y 300 cm de alto, esta cortina encaje   corintio Chez Moi es ideal para decorar el dormitorio de tus sue\u00f1os o para hacer una sala de estar en perfecto estilo shabby y rom\u00e1ntico.<\/p>\n<ul>\n<li><strong>material:<\/strong> 80% nailon, 20% algod\u00f3n<\/li>\n<li><strong>tama\u00f1o:<\/strong> 230&#215;300<\/li>\n<li><strong>color:<\/strong> blanco natural<\/li>\n<\/ul>\n","protected":false},"excerpt":{"rendered":"<p><strong>DIMENSIONES:<\/strong> L 230 x H 300 cm<\/p>\n<p>Cortina encaje   corintio modelo Prestige, con trabilla y lazos de lino. Una carpa muy preciosa en puro encaje   italiano. En el color blanco natural, equipar\u00e1 tu hogar con lujo y romanticismo, perfecto tanto para un estilo cl\u00e1sico como para un estilo shabby chic.<\/p>\n","protected":false},"featured_media":86845,"comment_status":"open","ping_status":"closed","template":"","meta":{"_joinchat":[]},"pwb-brand":[2079],"product_brand":[],"product_cat":[2355],"product_tag":[2131,2251,2208,2280,2259],"class_list":{"0":"post-101423","1":"product","2":"type-product","3":"status-publish","4":"has-post-thumbnail","6":"pwb-brand-chez-moi-es","7":"product_cat-cortinas","8":"product_tag-blanco-natural","9":"product_tag-encaje","10":"product_tag-encaje-corinzio","11":"product_tag-hecho-a-mano","12":"product_tag-made-in-italy-es","13":"product_shipping_class-no-contrassegno-es","15":"first","16":"onbackorder","17":"featured","18":"taxable","19":"shipping-taxable","20":"purchasable","21":"product-type-simple"},"brands":[{"id":2079,"name":"Chez Moi","slug":"chez-moi-es"}],"_links":{"self":[{"href":"https:\/\/www.tendenzeshabbychic.it\/es\/wp-json\/wp\/v2\/product\/101423","targetHints":{"allow":["GET"]}}],"collection":[{"href":"https:\/\/www.tendenzeshabbychic.it\/es\/wp-json\/wp\/v2\/product"}],"about":[{"href":"https:\/\/www.tendenzeshabbychic.it\/es\/wp-json\/wp\/v2\/types\/product"}],"replies":[{"embeddable":true,"href":"https:\/\/www.tendenzeshabbychic.it\/es\/wp-json\/wp\/v2\/comments?post=101423"}],"wp:featuredmedia":[{"embeddable":true,"href":"https:\/\/www.tendenzeshabbychic.it\/es\/wp-json\/wp\/v2\/media\/86845"}],"wp:attachment":[{"href":"https:\/\/www.tendenzeshabbychic.it\/es\/wp-json\/wp\/v2\/media?parent=101423"}],"wp:term":[{"taxonomy":"pwb-brand","embeddable":true,"href":"https:\/\/www.tendenzeshabbychic.it\/es\/wp-json\/wp\/v2\/pwb-brand?post=101423"},{"taxonomy":"product_brand","embeddable":true,"href":"https:\/\/www.tendenzeshabbychic.it\/es\/wp-json\/wp\/v2\/product_brand?post=101423"},{"taxonomy":"product_cat","embeddable":true,"href":"https:\/\/www.tendenzeshabbychic.it\/es\/wp-json\/wp\/v2\/product_cat?post=101423"},{"taxonomy":"product_tag","embeddable":true,"href":"https:\/\/www.tendenzeshabbychic.it\/es\/wp-json\/wp\/v2\/product_tag?post=101423"}],"curies":[{"name":"wp","href":"https:\/\/api.w.org\/{rel}","templated":true}]}}