{"id":101389,"date":"2023-06-25T10:30:20","date_gmt":"2023-06-25T08:30:20","guid":{"rendered":"https:\/\/www.tendenzeshabbychic.it\/prodotto\/banera-vidrio-jabonera-y-jabon-perfumado-corazones\/"},"modified":"2023-07-29T18:22:40","modified_gmt":"2023-07-29T16:22:40","slug":"banera-vidrio-jabonera-y-jabon-perfumado-corazones","status":"publish","type":"product","link":"https:\/\/www.tendenzeshabbychic.it\/es\/producto\/banera-vidrio-jabonera-y-jabon-perfumado-corazones\/","title":{"rendered":"Jabonera de ba\u00f1era de cristal y corazones de jab\u00f3n perfumados"},"content":{"rendered":"","protected":false},"excerpt":{"rendered":"<p>Jabonera de cristal para ba\u00f1era con 3 rosas de jab\u00f3n.<\/p>\n","protected":false},"featured_media":95732,"comment_status":"open","ping_status":"closed","template":"","meta":{"_joinchat":[]},"pwb-brand":[2089],"product_brand":[],"product_cat":[2367],"product_tag":[2283,2254],"class_list":{"0":"post-101389","1":"product","2":"type-product","3":"status-publish","4":"has-post-thumbnail","6":"pwb-brand-mathilde-m-es","7":"product_cat-jabones","8":"product_tag-idea-de-regalo","9":"product_tag-vintage-es","10":"pa_colore-blanco","11":"pa_colore-marfil","13":"first","14":"outofstock","15":"taxable","16":"shipping-taxable","17":"purchasable","18":"product-type-simple"},"brands":[{"id":2089,"name":"Mathilde M.","slug":"mathilde-m-es"}],"_links":{"self":[{"href":"https:\/\/www.tendenzeshabbychic.it\/es\/wp-json\/wp\/v2\/product\/101389","targetHints":{"allow":["GET"]}}],"collection":[{"href":"https:\/\/www.tendenzeshabbychic.it\/es\/wp-json\/wp\/v2\/product"}],"about":[{"href":"https:\/\/www.tendenzeshabbychic.it\/es\/wp-json\/wp\/v2\/types\/product"}],"replies":[{"embeddable":true,"href":"https:\/\/www.tendenzeshabbychic.it\/es\/wp-json\/wp\/v2\/comments?post=101389"}],"wp:featuredmedia":[{"embeddable":true,"href":"https:\/\/www.tendenzeshabbychic.it\/es\/wp-json\/wp\/v2\/media\/95732"}],"wp:attachment":[{"href":"https:\/\/www.tendenzeshabbychic.it\/es\/wp-json\/wp\/v2\/media?parent=101389"}],"wp:term":[{"taxonomy":"pwb-brand","embeddable":true,"href":"https:\/\/www.tendenzeshabbychic.it\/es\/wp-json\/wp\/v2\/pwb-brand?post=101389"},{"taxonomy":"product_brand","embeddable":true,"href":"https:\/\/www.tendenzeshabbychic.it\/es\/wp-json\/wp\/v2\/product_brand?post=101389"},{"taxonomy":"product_cat","embeddable":true,"href":"https:\/\/www.tendenzeshabbychic.it\/es\/wp-json\/wp\/v2\/product_cat?post=101389"},{"taxonomy":"product_tag","embeddable":true,"href":"https:\/\/www.tendenzeshabbychic.it\/es\/wp-json\/wp\/v2\/product_tag?post=101389"}],"curies":[{"name":"wp","href":"https:\/\/api.w.org\/{rel}","templated":true}]}}