{"id":101353,"date":"2022-10-04T19:21:38","date_gmt":"2022-10-04T17:21:38","guid":{"rendered":"https:\/\/www.tendenzeshabbychic.it\/prodotto\/sabana-doble-en-algodon-percal-y-fundas-de-encaje-en-puntilla-arabesco-blanco-optico\/"},"modified":"2023-07-29T18:18:18","modified_gmt":"2023-07-29T16:18:18","slug":"sabana-doble-en-algodon-percal-y-fundas-de-encaje-en-puntilla-arabesco-blanco-optico","status":"publish","type":"product","link":"https:\/\/www.tendenzeshabbychic.it\/es\/producto\/sabana-doble-en-algodon-percal-y-fundas-de-encaje-en-puntilla-arabesco-blanco-optico\/","title":{"rendered":"S\u00e1bana de matrimonio en percal de algod\u00f3n y funda de almohada encaje Arabesco &#8211; Blanco \u00d3ptico"},"content":{"rendered":"<h2>S\u00e1bana doble completa con dos fundas de almohada.<\/h2>\n<p>Al ser un producto hecho a mano y hecho en Italia, puedes combinarlo con todos los productos Chez Moi (edredones, cortinas, tapetes, etc.).<\/p>\n<ul>\n<li><strong>HECHO EN ITALIA<\/strong><\/li>\n<li>color: blanco \u00f3ptico<\/li>\n<\/ul>\n","protected":false},"excerpt":{"rendered":"<p><strong>DIMENSIONES:<\/strong> s\u00e1bana 240 X 270 cm &#8211; 2 fundas de almohada 50 x 80 cm<\/p>\n<p>S\u00e1bana de percal de algod\u00f3n con fundas de almohada de encaje arabesco blanco \u00f3ptico, hecha a mano por Chez Moi.<\/p>\n<p>Un producto de lujo italiano, hecho a mano en Italia por Chez Moi .<\/p>\n<p><strong>En el paquete encontrar\u00e1s 1 s\u00e1bana de percal con encaje de 240&#215;270 cm y 2 fundas de almohada de 50&#215;80 cm<\/strong><br \/>\n<iframe loading=\"lazy\" title=\"YouTube video player\" src=\"https:\/\/www.youtube.com\/embed\/ZyrOJ0VdrQk\" width=\"540\" height=\"960\" frameborder=\"0\" allowfullscreen=\"allowfullscreen\"><\/iframe><\/p>\n","protected":false},"featured_media":91457,"comment_status":"open","ping_status":"closed","template":"","meta":{"_joinchat":[]},"pwb-brand":[2079],"product_brand":[],"product_cat":[2330],"product_tag":[2132,2848,2251,2207,2280,2259],"class_list":{"0":"post-101353","1":"product","2":"type-product","3":"status-publish","4":"has-post-thumbnail","6":"pwb-brand-chez-moi-es","7":"product_cat-sabanas-matrimoniales","8":"product_tag-blanco-optico","9":"product_tag-dormitorio","10":"product_tag-encaje","11":"product_tag-encaje-arabesque","12":"product_tag-hecho-a-mano","13":"product_tag-made-in-italy-es","14":"product_shipping_class-no-contrassegno-es","16":"first","17":"outofstock","18":"taxable","19":"shipping-taxable","20":"purchasable","21":"product-type-simple"},"brands":[{"id":2079,"name":"Chez Moi","slug":"chez-moi-es"}],"_links":{"self":[{"href":"https:\/\/www.tendenzeshabbychic.it\/es\/wp-json\/wp\/v2\/product\/101353","targetHints":{"allow":["GET"]}}],"collection":[{"href":"https:\/\/www.tendenzeshabbychic.it\/es\/wp-json\/wp\/v2\/product"}],"about":[{"href":"https:\/\/www.tendenzeshabbychic.it\/es\/wp-json\/wp\/v2\/types\/product"}],"replies":[{"embeddable":true,"href":"https:\/\/www.tendenzeshabbychic.it\/es\/wp-json\/wp\/v2\/comments?post=101353"}],"wp:featuredmedia":[{"embeddable":true,"href":"https:\/\/www.tendenzeshabbychic.it\/es\/wp-json\/wp\/v2\/media\/91457"}],"wp:attachment":[{"href":"https:\/\/www.tendenzeshabbychic.it\/es\/wp-json\/wp\/v2\/media?parent=101353"}],"wp:term":[{"taxonomy":"pwb-brand","embeddable":true,"href":"https:\/\/www.tendenzeshabbychic.it\/es\/wp-json\/wp\/v2\/pwb-brand?post=101353"},{"taxonomy":"product_brand","embeddable":true,"href":"https:\/\/www.tendenzeshabbychic.it\/es\/wp-json\/wp\/v2\/product_brand?post=101353"},{"taxonomy":"product_cat","embeddable":true,"href":"https:\/\/www.tendenzeshabbychic.it\/es\/wp-json\/wp\/v2\/product_cat?post=101353"},{"taxonomy":"product_tag","embeddable":true,"href":"https:\/\/www.tendenzeshabbychic.it\/es\/wp-json\/wp\/v2\/product_tag?post=101353"}],"curies":[{"name":"wp","href":"https:\/\/api.w.org\/{rel}","templated":true}]}}