{"id":101313,"date":"2025-02-11T13:45:09","date_gmt":"2025-02-11T12:45:09","guid":{"rendered":"https:\/\/www.tendenzeshabbychic.it\/prodotto\/mathilde-m-juego-de-bano-en-ceramica-madame-de-recamier-rosa-4-piezas\/"},"modified":"2026-02-11T13:48:43","modified_gmt":"2026-02-11T12:48:43","slug":"mathilde-m-juego-de-bano-en-ceramica-madame-de-recamier-rosa-4-piezas","status":"publish","type":"product","link":"https:\/\/www.tendenzeshabbychic.it\/es\/producto\/mathilde-m-juego-de-bano-en-ceramica-madame-de-recamier-rosa-4-piezas\/","title":{"rendered":"Mathilde M Pink Madame de Recamier juego de ba\u00f1o de cer\u00e1mica 4 piezas"},"content":{"rendered":"","protected":false},"excerpt":{"rendered":"<p>Juego de ba\u00f1o Mathilde M Madame de Recamier en cer\u00e1mica rosa, blanca y detalles dorados compuesto por 4 piezas:<\/p>\n<ul>\n<li>1 jabonera L 7 x P 7 x H 22,5 cm<\/li>\n<li>1 puerta algod\u00f3n L 8 x P 8 x H 16 cm<\/li>\n<li>1 puerta todas L 7 x P 7 x H 12 cm<\/li>\n<li>1 jabonera L 10 x P 10 x H 3,5 cm<\/li>\n<\/ul>\n","protected":false},"featured_media":117505,"comment_status":"open","ping_status":"closed","template":"","meta":{"_joinchat":[]},"pwb-brand":[2089],"product_brand":[],"product_cat":[2383],"product_tag":[2260],"class_list":{"0":"post-101313","1":"product","2":"type-product","3":"status-publish","4":"has-post-thumbnail","6":"pwb-brand-mathilde-m-es","7":"product_cat-accesorios-de-bano","8":"product_tag-madame-de-recamier-es","9":"pa_colore-blanco","10":"pa_colore-oro-es","11":"pa_colore-rosa-es","13":"first","14":"instock","15":"taxable","16":"shipping-taxable","17":"purchasable","18":"product-type-simple"},"brands":[{"id":2089,"name":"Mathilde M.","slug":"mathilde-m-es"}],"_links":{"self":[{"href":"https:\/\/www.tendenzeshabbychic.it\/es\/wp-json\/wp\/v2\/product\/101313","targetHints":{"allow":["GET"]}}],"collection":[{"href":"https:\/\/www.tendenzeshabbychic.it\/es\/wp-json\/wp\/v2\/product"}],"about":[{"href":"https:\/\/www.tendenzeshabbychic.it\/es\/wp-json\/wp\/v2\/types\/product"}],"replies":[{"embeddable":true,"href":"https:\/\/www.tendenzeshabbychic.it\/es\/wp-json\/wp\/v2\/comments?post=101313"}],"wp:featuredmedia":[{"embeddable":true,"href":"https:\/\/www.tendenzeshabbychic.it\/es\/wp-json\/wp\/v2\/media\/117505"}],"wp:attachment":[{"href":"https:\/\/www.tendenzeshabbychic.it\/es\/wp-json\/wp\/v2\/media?parent=101313"}],"wp:term":[{"taxonomy":"pwb-brand","embeddable":true,"href":"https:\/\/www.tendenzeshabbychic.it\/es\/wp-json\/wp\/v2\/pwb-brand?post=101313"},{"taxonomy":"product_brand","embeddable":true,"href":"https:\/\/www.tendenzeshabbychic.it\/es\/wp-json\/wp\/v2\/product_brand?post=101313"},{"taxonomy":"product_cat","embeddable":true,"href":"https:\/\/www.tendenzeshabbychic.it\/es\/wp-json\/wp\/v2\/product_cat?post=101313"},{"taxonomy":"product_tag","embeddable":true,"href":"https:\/\/www.tendenzeshabbychic.it\/es\/wp-json\/wp\/v2\/product_tag?post=101313"}],"curies":[{"name":"wp","href":"https:\/\/api.w.org\/{rel}","templated":true}]}}