{"id":101312,"date":"2025-12-10T01:13:43","date_gmt":"2025-12-10T00:13:43","guid":{"rendered":"https:\/\/www.tendenzeshabbychic.it\/prodotto\/blanc-mariclo-funda-sofa-3-plazas-con-reposabrazos\/"},"modified":"2024-09-16T12:32:04","modified_gmt":"2024-09-16T10:32:04","slug":"blanc-mariclo-funda-sofa-3-plazas-con-reposabrazos","status":"publish","type":"product","link":"https:\/\/www.tendenzeshabbychic.it\/es\/producto\/blanc-mariclo-funda-sofa-3-plazas-con-reposabrazos\/","title":{"rendered":"Funda sof\u00e1 3 plazas con reposabrazos Blanc Maricl\u00f2"},"content":{"rendered":"<p>Funda de sof\u00e1 de 3 plazas con reposabrazos 100% algod\u00f3n  <\/p>\n<ul>\n<li>estilo shabby chic<\/li>\n<li>beige<\/li>\n<li>material: 100% algod\u00f3n<\/li>\n<\/ul>\n","protected":false},"excerpt":{"rendered":"<p><strong>DIMENSIONES:<\/strong> L 215 x P 105 X H 67 cm Funda para sof\u00e1 de 3 plazas con reposabrazos con lazos en perfecto estilo <em><strong>Shabby Chic<\/strong><\/em> <em>.<\/em> Confeccionado por Blanc Maricl\u00f2 es 100% algod\u00f3n beige.<\/p>\n","protected":false},"featured_media":85111,"comment_status":"open","ping_status":"closed","template":"","meta":{"_joinchat":[]},"pwb-brand":[456],"product_brand":[],"product_cat":[2348],"product_tag":[],"class_list":{"0":"post-101312","1":"product","2":"type-product","3":"status-publish","4":"has-post-thumbnail","6":"pwb-brand-blanc-mariclo","7":"product_cat-sillones-sofas-y-accesorios","8":"pa_colore-beige","10":"first","11":"outofstock","12":"sale","13":"taxable","14":"shipping-taxable","15":"purchasable","16":"product-type-simple"},"brands":[{"id":2076,"name":"Blanc Mariclo","slug":"blanc-mariclo-es"}],"_links":{"self":[{"href":"https:\/\/www.tendenzeshabbychic.it\/es\/wp-json\/wp\/v2\/product\/101312","targetHints":{"allow":["GET"]}}],"collection":[{"href":"https:\/\/www.tendenzeshabbychic.it\/es\/wp-json\/wp\/v2\/product"}],"about":[{"href":"https:\/\/www.tendenzeshabbychic.it\/es\/wp-json\/wp\/v2\/types\/product"}],"replies":[{"embeddable":true,"href":"https:\/\/www.tendenzeshabbychic.it\/es\/wp-json\/wp\/v2\/comments?post=101312"}],"wp:featuredmedia":[{"embeddable":true,"href":"https:\/\/www.tendenzeshabbychic.it\/es\/wp-json\/wp\/v2\/media\/85111"}],"wp:attachment":[{"href":"https:\/\/www.tendenzeshabbychic.it\/es\/wp-json\/wp\/v2\/media?parent=101312"}],"wp:term":[{"taxonomy":"pwb-brand","embeddable":true,"href":"https:\/\/www.tendenzeshabbychic.it\/es\/wp-json\/wp\/v2\/pwb-brand?post=101312"},{"taxonomy":"product_brand","embeddable":true,"href":"https:\/\/www.tendenzeshabbychic.it\/es\/wp-json\/wp\/v2\/product_brand?post=101312"},{"taxonomy":"product_cat","embeddable":true,"href":"https:\/\/www.tendenzeshabbychic.it\/es\/wp-json\/wp\/v2\/product_cat?post=101312"},{"taxonomy":"product_tag","embeddable":true,"href":"https:\/\/www.tendenzeshabbychic.it\/es\/wp-json\/wp\/v2\/product_tag?post=101312"}],"curies":[{"name":"wp","href":"https:\/\/api.w.org\/{rel}","templated":true}]}}