{"id":101198,"date":"2023-07-14T23:03:01","date_gmt":"2023-07-14T21:03:01","guid":{"rendered":"https:\/\/www.tendenzeshabbychic.it\/prodotto\/rosa-demetra-ceramica-cucharita-h-16\/"},"modified":"2023-07-29T16:46:08","modified_gmt":"2023-07-29T14:46:08","slug":"rosa-demetra-ceramica-cucharita-h-16","status":"publish","type":"product","link":"https:\/\/www.tendenzeshabbychic.it\/es\/producto\/rosa-demetra-ceramica-cucharita-h-16\/","title":{"rendered":"Nuvole di Stoffa Cuchara de cer\u00e1mica rosa Demetra Alt. 16"},"content":{"rendered":"<p>Cuchara de cer\u00e1mica rosa de la colecci\u00f3n Demetra de Nuvole di Stoffa .<\/p>\n","protected":false},"excerpt":{"rendered":"<p>Cuchara de cer\u00e1mica rosa de la colecci\u00f3n Demetra de Nuvole di Stoffa .<\/p>\n","protected":false},"featured_media":194560,"comment_status":"open","ping_status":"closed","template":"","meta":{"_joinchat":[]},"pwb-brand":[2090],"product_brand":[],"product_cat":[2382],"product_tag":[2917,2161,3286],"class_list":{"0":"post-101198","1":"product","2":"type-product","3":"status-publish","4":"has-post-thumbnail","6":"pwb-brand-nuvole-di-stoffa-es","7":"product_cat-accesorios-de-cocina","8":"product_tag-ceramica-y-porcelana","9":"product_tag-demetra-es","10":"product_tag-ventas","11":"pa_colore-rosa-es","13":"first","14":"outofstock","15":"sale","16":"taxable","17":"shipping-taxable","18":"purchasable","19":"product-type-simple"},"brands":[{"id":2090,"name":"Nuvole di Stoffa","slug":"nuvole-di-stoffa-es"}],"_links":{"self":[{"href":"https:\/\/www.tendenzeshabbychic.it\/es\/wp-json\/wp\/v2\/product\/101198","targetHints":{"allow":["GET"]}}],"collection":[{"href":"https:\/\/www.tendenzeshabbychic.it\/es\/wp-json\/wp\/v2\/product"}],"about":[{"href":"https:\/\/www.tendenzeshabbychic.it\/es\/wp-json\/wp\/v2\/types\/product"}],"replies":[{"embeddable":true,"href":"https:\/\/www.tendenzeshabbychic.it\/es\/wp-json\/wp\/v2\/comments?post=101198"}],"wp:featuredmedia":[{"embeddable":true,"href":"https:\/\/www.tendenzeshabbychic.it\/es\/wp-json\/wp\/v2\/media\/194560"}],"wp:attachment":[{"href":"https:\/\/www.tendenzeshabbychic.it\/es\/wp-json\/wp\/v2\/media?parent=101198"}],"wp:term":[{"taxonomy":"pwb-brand","embeddable":true,"href":"https:\/\/www.tendenzeshabbychic.it\/es\/wp-json\/wp\/v2\/pwb-brand?post=101198"},{"taxonomy":"product_brand","embeddable":true,"href":"https:\/\/www.tendenzeshabbychic.it\/es\/wp-json\/wp\/v2\/product_brand?post=101198"},{"taxonomy":"product_cat","embeddable":true,"href":"https:\/\/www.tendenzeshabbychic.it\/es\/wp-json\/wp\/v2\/product_cat?post=101198"},{"taxonomy":"product_tag","embeddable":true,"href":"https:\/\/www.tendenzeshabbychic.it\/es\/wp-json\/wp\/v2\/product_tag?post=101198"}],"curies":[{"name":"wp","href":"https:\/\/api.w.org\/{rel}","templated":true}]}}