{"id":101047,"date":"2026-03-18T17:10:01","date_gmt":"2026-03-18T16:10:01","guid":{"rendered":"https:\/\/www.tendenzeshabbychic.it\/prodotto\/alfombra-blanc-mariclo-elegante-gris-65-x-110\/"},"modified":"2026-03-19T23:35:00","modified_gmt":"2026-03-19T22:35:00","slug":"alfombra-blanc-mariclo-elegante-gris-65-x-110","status":"publish","type":"product","link":"https:\/\/www.tendenzeshabbychic.it\/es\/producto\/alfombra-blanc-mariclo-elegante-gris-65-x-110\/","title":{"rendered":"Alfombra Blanc Mariclo Elegant Gris 65 x 110"},"content":{"rendered":"<h2>Alfombra Blanc MariClo Elegant 65&#215;110<\/h2>\n<p>Estas alfombras a menudo se compran en pares.<\/p>\n<p>Las alfombras vintage de Blanc Mariclo encantan con su encanto vintage. Los dise\u00f1os est\u00e1n tomados de modelos antiguos.<\/p>\n<p>El dise\u00f1o \u00fanico y refinado, los materiales de alta calidad, el motivo floral, las decoraciones y los bordes lo convierten <strong>en el protagonista indiscutible de tu hogar.<\/strong><\/p>\n<p>Las alfombras \u00abBlanc Mariclo\u00bb est\u00e1n disponibles en varios dise\u00f1os y colores y pueden combinarse con distintos muebles: en casas de estilo cl\u00e1sico con suelos de madera antigua y muebles finos aportan un ambiente \u00fanico y aut\u00e9ntico, en salones modernos, en cambio, proporcionan un fuerte contraste, dando a la casa ese toque nost\u00e1lgico tan inteligente.<\/p>\n<ul>\n<li>material: 40% acr\u00edlico &#8211; 30% algod\u00f3n &#8211; 30% poli\u00e9ster<\/li>\n<li>color: arena, beige, marfil<\/li>\n<li>100% FABRICADO EN ITALIA<\/li>\n<li>equipado con antideslizante<\/li>\n<li>lavable en la lavadora<\/li>\n<\/ul>\n<h3>Lea nuestra <span style=\"color: #00a859;\"><a style=\"color: #00a859;\" href=\"https:\/\/www.tendenzeshabbychic.it\/tappeti-blanc-mariclo\/\"><strong>ficha t\u00e9cnica<\/strong><\/a> <\/span>sobre las alfombras Blanc Mariclo.<\/h3>\n","protected":false},"excerpt":{"rendered":"<p><strong>DIMENSIONES: <\/strong>65 x 110 cm<\/p>\n<p>Alfombra de Noche <em><strong>Blanc Mariclo<\/strong><\/em> Elegant Azzurro Powder le dar\u00e1 a tu hogar un toque de incre\u00edble elegancia. El motivo floral con rosas en tonos grises (azul claro) le da un estilo aut\u00e9nticamente vintage, perfecto si te gusta el Shabby Chic.<\/p>\n","protected":false},"featured_media":84151,"comment_status":"open","ping_status":"closed","template":"","meta":{"_joinchat":[]},"pwb-brand":[2076],"product_brand":[],"product_cat":[2351],"product_tag":[2094,2845,2848,2241,2276,2259],"class_list":{"0":"post-101047","1":"product","2":"type-product","3":"status-publish","4":"has-post-thumbnail","6":"pwb-brand-blanc-mariclo-es","7":"product_cat-alfombras","8":"product_tag-65x110-es","9":"product_tag-comedor","10":"product_tag-dormitorio","11":"product_tag-elegant-es","12":"product_tag-elegant-gris","13":"product_tag-made-in-italy-es","15":"first","16":"outofstock","17":"taxable","18":"shipping-taxable","19":"purchasable","20":"product-type-simple"},"brands":[{"id":2076,"name":"Blanc Mariclo","slug":"blanc-mariclo-es"}],"_links":{"self":[{"href":"https:\/\/www.tendenzeshabbychic.it\/es\/wp-json\/wp\/v2\/product\/101047","targetHints":{"allow":["GET"]}}],"collection":[{"href":"https:\/\/www.tendenzeshabbychic.it\/es\/wp-json\/wp\/v2\/product"}],"about":[{"href":"https:\/\/www.tendenzeshabbychic.it\/es\/wp-json\/wp\/v2\/types\/product"}],"replies":[{"embeddable":true,"href":"https:\/\/www.tendenzeshabbychic.it\/es\/wp-json\/wp\/v2\/comments?post=101047"}],"wp:featuredmedia":[{"embeddable":true,"href":"https:\/\/www.tendenzeshabbychic.it\/es\/wp-json\/wp\/v2\/media\/84151"}],"wp:attachment":[{"href":"https:\/\/www.tendenzeshabbychic.it\/es\/wp-json\/wp\/v2\/media?parent=101047"}],"wp:term":[{"taxonomy":"pwb-brand","embeddable":true,"href":"https:\/\/www.tendenzeshabbychic.it\/es\/wp-json\/wp\/v2\/pwb-brand?post=101047"},{"taxonomy":"product_brand","embeddable":true,"href":"https:\/\/www.tendenzeshabbychic.it\/es\/wp-json\/wp\/v2\/product_brand?post=101047"},{"taxonomy":"product_cat","embeddable":true,"href":"https:\/\/www.tendenzeshabbychic.it\/es\/wp-json\/wp\/v2\/product_cat?post=101047"},{"taxonomy":"product_tag","embeddable":true,"href":"https:\/\/www.tendenzeshabbychic.it\/es\/wp-json\/wp\/v2\/product_tag?post=101047"}],"curies":[{"name":"wp","href":"https:\/\/api.w.org\/{rel}","templated":true}]}}