{"id":101030,"date":"2023-09-07T10:54:48","date_gmt":"2023-09-07T08:54:48","guid":{"rendered":"https:\/\/www.tendenzeshabbychic.it\/prodotto\/alfombra-blanc-mariclo-170-x-240-teatro-rosas\/"},"modified":"2024-02-05T16:01:11","modified_gmt":"2024-02-05T15:01:11","slug":"alfombra-blanc-mariclo-170-x-240-teatro-rosas","status":"publish","type":"product","link":"https:\/\/www.tendenzeshabbychic.it\/es\/producto\/alfombra-blanc-mariclo-170-x-240-teatro-rosas\/","title":{"rendered":"Alfombra Blanc Mariclo &#8216;170 x 240 Teatro Roses"},"content":{"rendered":"<h2>Alfombra 170&#215;240 colecci\u00f3n Teatro de Blanc Maricl\u00f2 Roses<\/h2>\n<p>Las alfombras vintage <strong>de Blanc Mariclo<\/strong> encantan con su encanto vintage. Los dise\u00f1os est\u00e1n tomados de los modelos de anta\u00f1o.<\/p>\n<p>El dise\u00f1o \u00fanico y refinado, los materiales de alta calidad, el motivo floral, las decoraciones y los bordes lo convierten <strong>en el protagonista indiscutible de tu hogar.<\/strong><\/p>\n<p>Las alfombras \u00abBlanc Mariclo\u00bb est\u00e1n disponibles en varios dise\u00f1os y colores y pueden combinarse con distintos muebles: en casas de estilo cl\u00e1sico con suelos de madera antigua y muebles finos aportan un ambiente \u00fanico y aut\u00e9ntico, en salones modernos, en cambio, proporcionan un fuerte contraste, dando a la casa ese toque nost\u00e1lgico tan inteligente.<\/p>\n<ul>\n<li>material: 40% acr\u00edlico &#8211; 30% algod\u00f3n &#8211; 30% poli\u00e9ster<\/li>\n<li>color: degrada varios tonos de rosa<\/li>\n<li>100% FABRICADO EN ITALIA<\/li>\n<li>equipado con antideslizante<\/li>\n<li>lavable en la lavadora<\/li>\n<\/ul>\n<h3>Lea nuestra <span style=\"color: #00a859;\"><a style=\"color: #00a859;\" href=\"https:\/\/www.tendenzeshabbychic.it\/tappeti-blanc-mariclo\/\"><strong>ficha t\u00e9cnica<\/strong><\/a><\/span> sobre las alfombras Blanc Mariclo .<\/h3>\n","protected":false},"excerpt":{"rendered":"<p><strong>DIMENSIONES<\/strong>: 170&#215;240<\/p>\n<p>Tappeto mod. Teatro <em>Dusty Rose de <strong>Blanc Maricl\u00f2<\/strong><\/em> le dar\u00e1 a tu hogar un toque de incre\u00edble elegancia. El estampado ligeramente desgastado y los distintos tonos de rosa le dan un aspecto aut\u00e9nticamente vintage, perfecto si te gusta el shabby chic.<\/p>\n","protected":false},"featured_media":84082,"comment_status":"open","ping_status":"closed","template":"","meta":{"_joinchat":[]},"pwb-brand":[2076],"product_brand":[],"product_cat":[2351],"product_tag":[2845,2848,2259,2303,2300],"class_list":{"0":"post-101030","1":"product","2":"type-product","3":"status-publish","4":"has-post-thumbnail","6":"pwb-brand-blanc-mariclo-es","7":"product_cat-alfombras","8":"product_tag-comedor","9":"product_tag-dormitorio","10":"product_tag-made-in-italy-es","11":"product_tag-teatro-es","12":"product_tag-teatro-rose-es","13":"pa_colore-rosa-es","15":"first","16":"outofstock","17":"taxable","18":"shipping-taxable","19":"purchasable","20":"product-type-simple"},"brands":[{"id":2076,"name":"Blanc Mariclo","slug":"blanc-mariclo-es"}],"_links":{"self":[{"href":"https:\/\/www.tendenzeshabbychic.it\/es\/wp-json\/wp\/v2\/product\/101030","targetHints":{"allow":["GET"]}}],"collection":[{"href":"https:\/\/www.tendenzeshabbychic.it\/es\/wp-json\/wp\/v2\/product"}],"about":[{"href":"https:\/\/www.tendenzeshabbychic.it\/es\/wp-json\/wp\/v2\/types\/product"}],"replies":[{"embeddable":true,"href":"https:\/\/www.tendenzeshabbychic.it\/es\/wp-json\/wp\/v2\/comments?post=101030"}],"wp:featuredmedia":[{"embeddable":true,"href":"https:\/\/www.tendenzeshabbychic.it\/es\/wp-json\/wp\/v2\/media\/84082"}],"wp:attachment":[{"href":"https:\/\/www.tendenzeshabbychic.it\/es\/wp-json\/wp\/v2\/media?parent=101030"}],"wp:term":[{"taxonomy":"pwb-brand","embeddable":true,"href":"https:\/\/www.tendenzeshabbychic.it\/es\/wp-json\/wp\/v2\/pwb-brand?post=101030"},{"taxonomy":"product_brand","embeddable":true,"href":"https:\/\/www.tendenzeshabbychic.it\/es\/wp-json\/wp\/v2\/product_brand?post=101030"},{"taxonomy":"product_cat","embeddable":true,"href":"https:\/\/www.tendenzeshabbychic.it\/es\/wp-json\/wp\/v2\/product_cat?post=101030"},{"taxonomy":"product_tag","embeddable":true,"href":"https:\/\/www.tendenzeshabbychic.it\/es\/wp-json\/wp\/v2\/product_tag?post=101030"}],"curies":[{"name":"wp","href":"https:\/\/api.w.org\/{rel}","templated":true}]}}