{"id":101028,"date":"2023-01-18T11:02:55","date_gmt":"2023-01-18T10:02:55","guid":{"rendered":"https:\/\/www.tendenzeshabbychic.it\/prodotto\/alfombra-blanc-mariclo-teatro-gris-65-x-150\/"},"modified":"2024-07-07T17:37:50","modified_gmt":"2024-07-07T15:37:50","slug":"alfombra-blanc-mariclo-teatro-gris-65-x-150","status":"publish","type":"product","link":"https:\/\/www.tendenzeshabbychic.it\/es\/producto\/alfombra-blanc-mariclo-teatro-gris-65-x-150\/","title":{"rendered":"Alfombra Blanc Mariclo Teatro Gris 65 X 150"},"content":{"rendered":"<h2>Alfombra Teatro Blanc Maricl\u00f2 Gris 65 x 150 cm<\/h2>\n<p>El dise\u00f1o \u00fanico y refinado, los materiales de alta calidad, el motivo floral, las decoraciones y los bordes lo convierten <strong>en el protagonista indiscutible de tu hogar.<\/strong><\/p>\n<div class=\"o9v6fnle cxmmr5t8 oygrvhab hcukyx3x c1et5uql ii04i59q\">\n<div dir=\"auto\"><\/div>\n<\/div>\n<ul>\n<li>material: 40% acr\u00edlico &#8211; 30% algod\u00f3n &#8211; 30% poli\u00e9ster<\/li>\n<li>color: degrada varios tonos grises y azul claro\/azul<\/li>\n<li>100% FABRICADO EN ITALIA<\/li>\n<li>equipado con antideslizante<\/li>\n<li>lavable en la lavadora<\/li>\n<\/ul>\n<h3><em>Lea este art\u00edculo donde hay una <span style=\"color: #00a859;\"><a style=\"color: #00a859;\" href=\"https:\/\/www.tendenzeshabbychic.it\/tappeti-blanc-mariclo\/\"><strong>ficha t\u00e9cnica<\/strong><\/a><\/span> sobre las alfombras Blanc Mariclo .<\/em><\/h3>\n","protected":false},"excerpt":{"rendered":"<p>Alfombra Teatro <a href=\"https:\/\/www.tendenzeshabbychic.it\/brand\/blanc-mariclo\/\"><em><strong>Blanc Maricl\u00f2<\/strong><\/em><\/a> <em>Gris de<strong> <\/strong><\/em>Le dar\u00e1 a tu hogar un toque de incre\u00edble elegancia. El dise\u00f1o ligeramente desgastado y varios tonos de gris le dan un aspecto aut\u00e9nticamente vintage, perfecto si te gusta el estilo shabby chic.<br \/>\n<strong>DIMENSIONES:<\/strong> 65x150cm<\/p>\n<p><iframe loading=\"lazy\" title=\"YouTube video player\" src=\"https:\/\/www.youtube.com\/embed\/WXz8tUnJbMw\" width=\"470\" height=\"470\" frameborder=\"0\" allowfullscreen=\"allowfullscreen\"><\/iframe><\/p>\n","protected":false},"featured_media":84482,"comment_status":"open","ping_status":"closed","template":"","meta":{"_joinchat":[]},"pwb-brand":[2076],"product_brand":[],"product_cat":[2351],"product_tag":[2095,2845,2848,2259,2303,2304],"class_list":{"0":"post-101028","1":"product","2":"type-product","3":"status-publish","4":"has-post-thumbnail","6":"pwb-brand-blanc-mariclo-es","7":"product_cat-alfombras","8":"product_tag-65x150-es","9":"product_tag-comedor","10":"product_tag-dormitorio","11":"product_tag-made-in-italy-es","12":"product_tag-teatro-es","13":"product_tag-teatro-gris","15":"first","16":"outofstock","17":"taxable","18":"shipping-taxable","19":"purchasable","20":"product-type-simple"},"brands":[{"id":2076,"name":"Blanc Mariclo","slug":"blanc-mariclo-es"}],"_links":{"self":[{"href":"https:\/\/www.tendenzeshabbychic.it\/es\/wp-json\/wp\/v2\/product\/101028","targetHints":{"allow":["GET"]}}],"collection":[{"href":"https:\/\/www.tendenzeshabbychic.it\/es\/wp-json\/wp\/v2\/product"}],"about":[{"href":"https:\/\/www.tendenzeshabbychic.it\/es\/wp-json\/wp\/v2\/types\/product"}],"replies":[{"embeddable":true,"href":"https:\/\/www.tendenzeshabbychic.it\/es\/wp-json\/wp\/v2\/comments?post=101028"}],"wp:featuredmedia":[{"embeddable":true,"href":"https:\/\/www.tendenzeshabbychic.it\/es\/wp-json\/wp\/v2\/media\/84482"}],"wp:attachment":[{"href":"https:\/\/www.tendenzeshabbychic.it\/es\/wp-json\/wp\/v2\/media?parent=101028"}],"wp:term":[{"taxonomy":"pwb-brand","embeddable":true,"href":"https:\/\/www.tendenzeshabbychic.it\/es\/wp-json\/wp\/v2\/pwb-brand?post=101028"},{"taxonomy":"product_brand","embeddable":true,"href":"https:\/\/www.tendenzeshabbychic.it\/es\/wp-json\/wp\/v2\/product_brand?post=101028"},{"taxonomy":"product_cat","embeddable":true,"href":"https:\/\/www.tendenzeshabbychic.it\/es\/wp-json\/wp\/v2\/product_cat?post=101028"},{"taxonomy":"product_tag","embeddable":true,"href":"https:\/\/www.tendenzeshabbychic.it\/es\/wp-json\/wp\/v2\/product_tag?post=101028"}],"curies":[{"name":"wp","href":"https:\/\/api.w.org\/{rel}","templated":true}]}}