{"id":101019,"date":"2024-05-08T11:25:28","date_gmt":"2024-05-08T09:25:28","guid":{"rendered":"https:\/\/www.tendenzeshabbychic.it\/prodotto\/alfombra-blanc-mariclo-teatro-natural-65x150\/"},"modified":"2023-01-18T11:03:28","modified_gmt":"2023-01-18T10:03:28","slug":"alfombra-blanc-mariclo-teatro-natural-65x150","status":"publish","type":"product","link":"https:\/\/www.tendenzeshabbychic.it\/es\/producto\/alfombra-blanc-mariclo-teatro-natural-65x150\/","title":{"rendered":"Alfombra Blanc Mariclo Teatro Natural 65&#215;150"},"content":{"rendered":"<h2>Alfombra Teatro Blanc Maricl\u00f2 Avellana 65&#215;150 cm<\/h2>\n<p>Las alfombras vintage de <a href=\"https:\/\/www.tendenzeshabbychic.it\/es\/marca\/blanc-mariclo-es\/\"><strong>Blanc Mariclo<\/strong><\/a> encantan con su encanto vintage. Los dise\u00f1os est\u00e1n tomados de los modelos de anta\u00f1o.<\/p>\n<p>El dise\u00f1o \u00fanico y refinado, los materiales de alta calidad, el motivo floral, las decoraciones y los bordes lo convierten <strong>en el protagonista indiscutible de tu hogar.<\/strong><\/p>\n<p>Las alfombras Blanc Mariclo &#8216;son de varios estampados y colores, se pueden combinar con diferentes muebles: en casas de estilo cl\u00e1sico con pisos de madera antiguos y muebles finos aportan un ambiente \u00fanico y aut\u00e9ntico, en salas de estar modernas en cambio dan un fuerte contraste, a dar a la casa ese h\u00e1bil toque nost\u00e1lgico.<\/p>\n<div class=\"kvgmc6g5 cxmmr5t8 oygrvhab hcukyx3x c1et5uql ii04i59q\">\n<div dir=\"auto\">La majestuosidad ya se puede entender por el nombre: \u00abTEATRO\u00bb, as\u00ed se llama esta alfombra Mariclo blanc.<\/div>\n<\/div>\n<div class=\"o9v6fnle cxmmr5t8 oygrvhab hcukyx3x c1et5uql ii04i59q\">\n<div dir=\"auto\">Bella, elegante, vers\u00e1til, armoniosa, los adjetivos no alcanzan para describirla. Ideal en cualquier ambiente, da luz a tus muebles, ya sean shabby chic, modernos contempor\u00e1neos, dando ese toque delicado y rom\u00e1ntico que pocos complementos pueden darte.<\/div>\n<\/div>\n<ul>\n<li>material: 40% acr\u00edlico &#8211; 30% algod\u00f3n &#8211; 30% poli\u00e9ster<\/li>\n<li>color: degradado varios tonos avellana y marrones<\/li>\n<li>100% FABRICADO EN ITALIA<\/li>\n<li>equipado con antideslizante<\/li>\n<li>lavable en la lavadora<\/li>\n<\/ul>\n<h3>Lea nuestra <span style=\"color: #00a859;\"><a style=\"color: #00a859;\" href=\"https:\/\/www.tendenzeshabbychic.it\/es\/alfombras-blanc-mariclo\/\"><strong>ficha t\u00e9cnica<\/strong><\/a><\/span> sobre las alfombras Blanc Mariclo .<\/h3>\n","protected":false},"excerpt":{"rendered":"<p>La alfombra <em><strong>Blanc Maricl\u00f2<\/strong><\/em> Teatro <em>Nocciola<\/em> le dar\u00e1 a tu hogar un toque de incre\u00edble elegancia. El dise\u00f1o ligeramente desgastado y los distintos tonos avellana le dan un aspecto aut\u00e9nticamente vintage, perfecto si te gusta el shabby chic.<br \/>\n<strong>DIMENSIONES:<\/strong> 65x150cm<\/p>\n<p><iframe loading=\"lazy\" title=\"YouTube video player\" src=\"https:\/\/www.youtube.com\/embed\/PfqOT0Uy21Y\" width=\"470\" height=\"470\" frameborder=\"0\" allowfullscreen=\"allowfullscreen\"><\/iframe><\/p>\n","protected":false},"featured_media":84483,"comment_status":"open","ping_status":"closed","template":"","meta":{"_joinchat":[]},"pwb-brand":[2076],"product_brand":[],"product_cat":[2351],"product_tag":[2095,2845,2848,2259,2303,2301],"class_list":{"0":"post-101019","1":"product","2":"type-product","3":"status-publish","4":"has-post-thumbnail","6":"pwb-brand-blanc-mariclo-es","7":"product_cat-alfombras","8":"product_tag-65x150-es","9":"product_tag-comedor","10":"product_tag-dormitorio","11":"product_tag-made-in-italy-es","12":"product_tag-teatro-es","13":"product_tag-teatro-avellana","15":"first","16":"outofstock","17":"taxable","18":"shipping-taxable","19":"purchasable","20":"product-type-simple"},"brands":[{"id":2076,"name":"Blanc Mariclo","slug":"blanc-mariclo-es"}],"_links":{"self":[{"href":"https:\/\/www.tendenzeshabbychic.it\/es\/wp-json\/wp\/v2\/product\/101019","targetHints":{"allow":["GET"]}}],"collection":[{"href":"https:\/\/www.tendenzeshabbychic.it\/es\/wp-json\/wp\/v2\/product"}],"about":[{"href":"https:\/\/www.tendenzeshabbychic.it\/es\/wp-json\/wp\/v2\/types\/product"}],"replies":[{"embeddable":true,"href":"https:\/\/www.tendenzeshabbychic.it\/es\/wp-json\/wp\/v2\/comments?post=101019"}],"wp:featuredmedia":[{"embeddable":true,"href":"https:\/\/www.tendenzeshabbychic.it\/es\/wp-json\/wp\/v2\/media\/84483"}],"wp:attachment":[{"href":"https:\/\/www.tendenzeshabbychic.it\/es\/wp-json\/wp\/v2\/media?parent=101019"}],"wp:term":[{"taxonomy":"pwb-brand","embeddable":true,"href":"https:\/\/www.tendenzeshabbychic.it\/es\/wp-json\/wp\/v2\/pwb-brand?post=101019"},{"taxonomy":"product_brand","embeddable":true,"href":"https:\/\/www.tendenzeshabbychic.it\/es\/wp-json\/wp\/v2\/product_brand?post=101019"},{"taxonomy":"product_cat","embeddable":true,"href":"https:\/\/www.tendenzeshabbychic.it\/es\/wp-json\/wp\/v2\/product_cat?post=101019"},{"taxonomy":"product_tag","embeddable":true,"href":"https:\/\/www.tendenzeshabbychic.it\/es\/wp-json\/wp\/v2\/product_tag?post=101019"}],"curies":[{"name":"wp","href":"https:\/\/api.w.org\/{rel}","templated":true}]}}